{"id":1699,"date":"2023-02-08T15:26:18","date_gmt":"2023-02-08T20:26:18","guid":{"rendered":"https:\/\/www.campmapleleaf.ca\/?page_id=1699"},"modified":"2023-09-28T16:00:39","modified_gmt":"2023-09-28T20:00:39","slug":"lac-sylvan","status":"publish","type":"page","link":"https:\/\/www.campmapleleaf.ca\/fr\/lac-sylvan\/","title":{"rendered":"Lac Sylvan, AB"},"content":{"rendered":"<div class=\"wpb-content-wrapper\"><p>[vc_row css_animation=\u00a0\u00bb\u00a0\u00bb row_type=\u00a0\u00bbrow\u00a0\u00bb use_row_as_full_screen_section=\u00a0\u00bbno\u00a0\u00bb type=\u00a0\u00bbgrid\u00a0\u00bb angled_section=\u00a0\u00bbno\u00a0\u00bb text_align=\u00a0\u00bbleft\u00a0\u00bb background_image_as_pattern=\u00a0\u00bbwithout_pattern\u00a0\u00bb z_index=\u00a0\u00bb\u00a0\u00bb][vc_column][vc_empty_space height=\u00a0\u00bb40px\u00a0\u00bb][vc_column_text]<\/p>\n<h4 style=\"text-align: center;\">Chaque s\u00e9jour repose sur un programme unique, sp\u00e9cialement con\u00e7u pour les enfants ou les familles qui composent avec des d\u00e9fis de vie uniques. Faites d\u00e9filer la page pour en savoir plus:<\/h4>\n<p>[\/vc_column_text][vc_empty_space height=\u00a0\u00bb20px\u00a0\u00bb][\/vc_column][\/vc_row][vc_row css_animation=\u00a0\u00bb\u00a0\u00bb row_type=\u00a0\u00bbrow\u00a0\u00bb use_row_as_full_screen_section=\u00a0\u00bbno\u00a0\u00bb type=\u00a0\u00bbgrid\u00a0\u00bb angled_section=\u00a0\u00bbno\u00a0\u00bb text_align=\u00a0\u00bbleft\u00a0\u00bb background_image_as_pattern=\u00a0\u00bbwithout_pattern\u00a0\u00bb padding_top=\u00a0\u00bb80&Prime; padding_bottom=\u00a0\u00bb80&Prime; z_index=\u00a0\u00bb\u00a0\u00bb][vc_column offset=\u00a0\u00bbvc_col-md-5&Prime; css=\u00a0\u00bb.vc_custom_1638900058404{padding-right: 25px !important;}\u00a0\u00bb]<div class=\"qode-advanced-image-gallery  qode-aig-slider-type qode-normal-space qode-has-shadow qode-image-behavior-lightbox \">\n\t<div class=\"qode-aig-slider qode-owl-slider\" data-number-of-items=\"1\" data-enable-loop=\"yes\" data-enable-autoplay=\"yes\" data-slider-speed=\"5000\" data-slider-speed-animation=\"600\" data-slider-padding=\"no\" data-enable-navigation=\"yes\" data-enable-pagination=\"yes\">\n\t\t\t\t\t<div class=\"qode-aig-image\">\n\t\t\t\t\t\t\t\t\t<a itemprop=\"image\" class=\"qode-aig-lightbox qode-block-drag-link\" href=\"https:\/\/www.campmapleleaf.ca\/wp-content\/uploads\/2022\/01\/cml-1.jpg\" data-rel=\"prettyPhoto[image_gallery_pretty_photo-204]\" title=\"cml-1\">\n\t\t\t\t\t\t\t\t\t\t\t<img loading=\"lazy\" decoding=\"async\" src=\"https:\/\/www.campmapleleaf.ca\/wp-content\/uploads\/2022\/01\/cml-1-450x525.jpg\" alt=\"\" width=\"450\" height=\"525\" \/>\t\t\t\t\t<span class=\"aig-gallery-hover\">\n\t\t\t\t\t\t\t\t\t\t\t<\/span>\n\t\t\t\t\t\t\t\t\t<\/a>\n\t\t\t\t\t\t\t<\/div>\n\t\t\t\t\t\t\t\t<div class=\"qode-aig-image\">\n\t\t\t\t\t\t\t\t\t<a itemprop=\"image\" class=\"qode-aig-lightbox qode-block-drag-link\" href=\"https:\/\/www.campmapleleaf.ca\/wp-content\/uploads\/2022\/01\/cml-2.jpg\" data-rel=\"prettyPhoto[image_gallery_pretty_photo-204]\" title=\"cml-2\">\n\t\t\t\t\t\t\t\t\t\t\t<img loading=\"lazy\" decoding=\"async\" src=\"https:\/\/www.campmapleleaf.ca\/wp-content\/uploads\/2022\/01\/cml-2-450x525.jpg\" alt=\"\" width=\"450\" height=\"525\" \/>\t\t\t\t\t<span class=\"aig-gallery-hover\">\n\t\t\t\t\t\t\t\t\t\t\t<\/span>\n\t\t\t\t\t\t\t\t\t<\/a>\n\t\t\t\t\t\t\t<\/div>\n\t\t\t\t\t\t\t\t<div class=\"qode-aig-image\">\n\t\t\t\t\t\t\t\t\t<a itemprop=\"image\" class=\"qode-aig-lightbox qode-block-drag-link\" href=\"https:\/\/www.campmapleleaf.ca\/wp-content\/uploads\/2022\/01\/cml-3.jpg\" data-rel=\"prettyPhoto[image_gallery_pretty_photo-204]\" title=\"cml-3\">\n\t\t\t\t\t\t\t\t\t\t\t<img loading=\"lazy\" decoding=\"async\" src=\"https:\/\/www.campmapleleaf.ca\/wp-content\/uploads\/2022\/01\/cml-3-450x525.jpg\" alt=\"\" width=\"450\" height=\"525\" \/>\t\t\t\t\t<span class=\"aig-gallery-hover\">\n\t\t\t\t\t\t\t\t\t\t\t<\/span>\n\t\t\t\t\t\t\t\t\t<\/a>\n\t\t\t\t\t\t\t<\/div>\n\t\t\t\t\t\t\t\t<div class=\"qode-aig-image\">\n\t\t\t\t\t\t\t\t\t<a itemprop=\"image\" class=\"qode-aig-lightbox qode-block-drag-link\" href=\"https:\/\/www.campmapleleaf.ca\/wp-content\/uploads\/2022\/01\/cml-4.jpg\" data-rel=\"prettyPhoto[image_gallery_pretty_photo-204]\" title=\"cml-4\">\n\t\t\t\t\t\t\t\t\t\t\t<img loading=\"lazy\" decoding=\"async\" src=\"https:\/\/www.campmapleleaf.ca\/wp-content\/uploads\/2022\/01\/cml-4-450x525.jpg\" alt=\"\" width=\"450\" height=\"525\" \/>\t\t\t\t\t<span class=\"aig-gallery-hover\">\n\t\t\t\t\t\t\t\t\t\t\t<\/span>\n\t\t\t\t\t\t\t\t\t<\/a>\n\t\t\t\t\t\t\t<\/div>\n\t\t\t\t\t\t\t\t<div class=\"qode-aig-image\">\n\t\t\t\t\t\t\t\t\t<a itemprop=\"image\" class=\"qode-aig-lightbox qode-block-drag-link\" href=\"https:\/\/www.campmapleleaf.ca\/wp-content\/uploads\/2022\/01\/cml-5.jpg\" data-rel=\"prettyPhoto[image_gallery_pretty_photo-204]\" title=\"cml-5\">\n\t\t\t\t\t\t\t\t\t\t\t<img loading=\"lazy\" decoding=\"async\" src=\"https:\/\/www.campmapleleaf.ca\/wp-content\/uploads\/2022\/01\/cml-5-450x525.jpg\" alt=\"\" width=\"450\" height=\"525\" \/>\t\t\t\t\t<span class=\"aig-gallery-hover\">\n\t\t\t\t\t\t\t\t\t\t\t<\/span>\n\t\t\t\t\t\t\t\t\t<\/a>\n\t\t\t\t\t\t\t<\/div>\n\t\t\t\t\t\t\t\t<div class=\"qode-aig-image\">\n\t\t\t\t\t\t\t\t\t<a itemprop=\"image\" class=\"qode-aig-lightbox qode-block-drag-link\" href=\"https:\/\/www.campmapleleaf.ca\/wp-content\/uploads\/2022\/01\/cml-6.jpg\" data-rel=\"prettyPhoto[image_gallery_pretty_photo-204]\" title=\"cml-6\">\n\t\t\t\t\t\t\t\t\t\t\t<img loading=\"lazy\" decoding=\"async\" src=\"https:\/\/www.campmapleleaf.ca\/wp-content\/uploads\/2022\/01\/cml-6-450x525.jpg\" alt=\"\" width=\"450\" height=\"525\" \/>\t\t\t\t\t<span class=\"aig-gallery-hover\">\n\t\t\t\t\t\t\t\t\t\t\t<\/span>\n\t\t\t\t\t\t\t\t\t<\/a>\n\t\t\t\t\t\t\t<\/div>\n\t\t\t\t\t\t\t\t<div class=\"qode-aig-image\">\n\t\t\t\t\t\t\t\t\t<a itemprop=\"image\" class=\"qode-aig-lightbox qode-block-drag-link\" href=\"https:\/\/www.campmapleleaf.ca\/wp-content\/uploads\/2022\/01\/cml-7.jpg\" data-rel=\"prettyPhoto[image_gallery_pretty_photo-204]\" title=\"cml-7\">\n\t\t\t\t\t\t\t\t\t\t\t<img loading=\"lazy\" decoding=\"async\" src=\"https:\/\/www.campmapleleaf.ca\/wp-content\/uploads\/2022\/01\/cml-7-450x525.jpg\" alt=\"\" width=\"450\" height=\"525\" \/>\t\t\t\t\t<span class=\"aig-gallery-hover\">\n\t\t\t\t\t\t\t\t\t\t\t<\/span>\n\t\t\t\t\t\t\t\t\t<\/a>\n\t\t\t\t\t\t\t<\/div>\n\t\t\t\t\t\t\t\t<div class=\"qode-aig-image\">\n\t\t\t\t\t\t\t\t\t<a itemprop=\"image\" class=\"qode-aig-lightbox qode-block-drag-link\" href=\"https:\/\/www.campmapleleaf.ca\/wp-content\/uploads\/2022\/01\/cml-8.jpg\" data-rel=\"prettyPhoto[image_gallery_pretty_photo-204]\" title=\"cml-8\">\n\t\t\t\t\t\t\t\t\t\t\t<img loading=\"lazy\" decoding=\"async\" src=\"https:\/\/www.campmapleleaf.ca\/wp-content\/uploads\/2022\/01\/cml-8-450x525.jpg\" alt=\"\" width=\"450\" height=\"525\" \/>\t\t\t\t\t<span class=\"aig-gallery-hover\">\n\t\t\t\t\t\t\t\t\t\t\t<\/span>\n\t\t\t\t\t\t\t\t\t<\/a>\n\t\t\t\t\t\t\t<\/div>\n\t\t\t\t\t\t<\/div>\n<\/div>[vc_row_inner row_type=\u00a0\u00bbrow\u00a0\u00bb type=\u00a0\u00bbfull_width\u00a0\u00bb text_align=\u00a0\u00bbleft\u00a0\u00bb css_animation=\u00a0\u00bb\u00a0\u00bb][vc_column_inner width=\u00a0\u00bb1\/2&Prime;][\/vc_column_inner][vc_column_inner width=\u00a0\u00bb1\/2&Prime;][\/vc_column_inner][\/vc_row_inner][\/vc_column][vc_column offset=\u00a0\u00bbvc_col-md-7&Prime;][vc_column_text]<\/p>\n<h2>Camps pour les enfants de militaires (actifs et v\u00e9t\u00e9rans)<\/h2>\n<p>[\/vc_column_text][vc_empty_space height=\u00a0\u00bb10px\u00a0\u00bb][vc_row_inner row_type=\u00a0\u00bbrow\u00a0\u00bb type=\u00a0\u00bbfull_width\u00a0\u00bb text_align=\u00a0\u00bbleft\u00a0\u00bb css_animation=\u00a0\u00bb\u00a0\u00bb][vc_column_inner css=\u00a0\u00bb.vc_custom_1642003972590{padding-right: 40px !important;}\u00a0\u00bb][vc_column_text]Nous offrons quatre s\u00e9jours pour les enfants dont les parents sont des membres actifs ou retrait\u00e9s des FAC. Leur objectif est de favoriser le sentiment de fiert\u00e9 et d\u2019appartenance \u00e0 la communaut\u00e9 militaire.[\/vc_column_text][\/vc_column_inner][\/vc_row_inner][vc_empty_space height=\u00a0\u00bb40px\u00a0\u00bb][vc_row_inner row_type=\u00a0\u00bbrow\u00a0\u00bb type=\u00a0\u00bbfull_width\u00a0\u00bb text_align=\u00a0\u00bbcenter\u00a0\u00bb css_animation=\u00a0\u00bb\u00a0\u00bb][vc_column_inner width=\u00a0\u00bb1\/2&Prime; offset=\u00a0\u00bbvc_hidden-xs\u00a0\u00bb][vc_single_image image=\u00a0\u00bb835&Prime; img_size=\u00a0\u00bbmedium\u00a0\u00bb alignment=\u00a0\u00bbcenter\u00a0\u00bb qode_css_animation=\u00a0\u00bb\u00a0\u00bb][\/vc_column_inner][vc_column_inner width=\u00a0\u00bb1\/2&Prime;][vc_empty_space height=\u00a0\u00bb15px\u00a0\u00bb]<a  itemprop=\"url\" href=\"\/pdfs\/Sylvan_Lake-Military_Brochure-2023_(AB-French).pdf\" target=\"_blank\" data-hover-background-color=\"#cd0f29\" data-hover-border-color=\"#cd0f29\" data-hover-color=\"#ffffff\" class=\"qbutton  big_large_full_width center default\" style=\"color: #ffffff; border-color: #031959; background-color:#031959;\">BROCHURE<\/a>[\/vc_column_inner][\/vc_row_inner][vc_empty_space height=\u00a0\u00bb60px\u00a0\u00bb][vc_column_text]<\/p>\n<h4><span style=\"color: #ff0000;\">Les dates du programme 2024 seront bient\u00f4t disponibles<\/span><\/h4>\n<p>[\/vc_column_text][vc_empty_space height=\u00a0\u00bb15px\u00a0\u00bb][vc_row_inner row_type=\u00a0\u00bbrow\u00a0\u00bb type=\u00a0\u00bbfull_width\u00a0\u00bb text_align=\u00a0\u00bbleft\u00a0\u00bb css_animation=\u00a0\u00bb\u00a0\u00bb el_class=\u00a0\u00bb.disableRow\u00a0\u00bb][vc_column_inner width=\u00a0\u00bb1\/2&Prime;]<a  itemprop=\"url\" href=\"https:\/\/www.pronto2.com\/campsylvanlake\/\" target=\"_blank\" data-hover-background-color=\"#cd0f29\" data-hover-border-color=\"#cd0f29\" data-hover-color=\"#ffffff\" class=\"qbutton  big_large_full_width center default\" style=\"color: #ffffff; border-color: #031959; background-color:#031959;\">INSCRIPTION<\/a>[vc_empty_space height=\u00a0\u00bb40px\u00a0\u00bb][vc_column_text]<strong>S\u00e9jour 1 :<\/strong>[\/vc_column_text][vc_separator type=\u00a0\u00bbnormal\u00a0\u00bb color=\u00a0\u00bb#031959&Prime;][\/vc_column_inner][vc_column_inner width=\u00a0\u00bb1\/2&Prime;][vc_column_text]Dimanche 23 juillet \u2013 Vendredi 28 juillet, 2023[\/vc_column_text][\/vc_column_inner][\/vc_row_inner][\/vc_column][\/vc_row][vc_row css_animation=\u00a0\u00bb\u00a0\u00bb row_type=\u00a0\u00bbrow\u00a0\u00bb use_row_as_full_screen_section=\u00a0\u00bbno\u00a0\u00bb type=\u00a0\u00bbfull_width\u00a0\u00bb angled_section=\u00a0\u00bbno\u00a0\u00bb text_align=\u00a0\u00bbcenter\u00a0\u00bb background_image_as_pattern=\u00a0\u00bbwithout_pattern\u00a0\u00bb padding_top=\u00a0\u00bb155&Prime; css=\u00a0\u00bb.vc_custom_1640209190313{padding-bottom: 11% !important;background-image: url(http:\/\/bridge162.qodeinteractive.com\/wp-content\/uploads\/2018\/02\/home-background-3-1.jpg?id=104) !important;background-position: center !important;background-repeat: no-repeat !important;background-size: cover !important;}\u00a0\u00bb z_index=\u00a0\u00bb\u00a0\u00bb el_class=\u00a0\u00bb.disableRow\u00a0\u00bb][vc_column][qode_elements_holder number_of_columns=\u00a0\u00bbone_column\u00a0\u00bb][qode_elements_holder_item advanced_animations=\u00a0\u00bbno\u00a0\u00bb item_padding=\u00a0\u00bb0px 29% 0 29%\u00a0\u00bb item_padding_1024_1280=\u00a0\u00bb0px 22% 0 22%\u00a0\u00bb item_padding_768_1024=\u00a0\u00bb0px 18% 0 18%\u00a0\u00bb item_padding_480_600=\u00a0\u00bb0px 3% 0 3%\u00a0\u00bb item_padding_480=\u00a0\u00bb0px 3% 0 3%\u00a0\u00bb]<div class='testimonials_holder clearfix '><div class=\"testimonials testimonials_carousel\" data-show-navigation=\"no\" data-animation-type=\"fade\" data-animation-speed=\"\" data-auto-rotate-slides=\"3\" data-number-per-slide=\"1\"><ul class=\"slides\">Sorry, no posts matched your criteria.<\/ul><\/div><\/div>[\/qode_elements_holder_item][\/qode_elements_holder][\/vc_column][\/vc_row]<\/p>\n<\/div>","protected":false},"excerpt":{"rendered":"<p>[vc_row css_animation=\u00a0\u00bb\u00a0\u00bb row_type=\u00a0\u00bbrow\u00a0\u00bb use_row_as_full_screen_section=\u00a0\u00bbno\u00a0\u00bb type=\u00a0\u00bbgrid\u00a0\u00bb angled_section=\u00a0\u00bbno\u00a0\u00bb text_align=\u00a0\u00bbleft\u00a0\u00bb background_image_as_pattern=\u00a0\u00bbwithout_pattern\u00a0\u00bb z_index=\u00a0\u00bb\u00a0\u00bb][vc_column][vc_empty_space height=\u00a0\u00bb40px\u00a0\u00bb][vc_column_text] Chaque s\u00e9jour repose sur un programme unique, sp\u00e9cialement con\u00e7u pour les enfants ou les familles qui composent avec des d\u00e9fis de vie uniques. Faites d\u00e9filer la page pour en savoir plus: [\/vc_column_text][vc_empty_space height=\u00a0\u00bb20px\u00a0\u00bb][\/vc_column][\/vc_row][vc_row css_animation=\u00a0\u00bb\u00a0\u00bb row_type=\u00a0\u00bbrow\u00a0\u00bb&#8230;<\/p>\n","protected":false},"author":1,"featured_media":0,"parent":0,"menu_order":0,"comment_status":"closed","ping_status":"closed","template":"full_width.php","meta":{"_monsterinsights_skip_tracking":false,"_monsterinsights_sitenote_active":false,"_monsterinsights_sitenote_note":"","_monsterinsights_sitenote_category":0,"footnotes":""},"class_list":["post-1699","page","type-page","status-publish","hentry"],"_links":{"self":[{"href":"https:\/\/www.campmapleleaf.ca\/fr\/wp-json\/wp\/v2\/pages\/1699","targetHints":{"allow":["GET"]}}],"collection":[{"href":"https:\/\/www.campmapleleaf.ca\/fr\/wp-json\/wp\/v2\/pages"}],"about":[{"href":"https:\/\/www.campmapleleaf.ca\/fr\/wp-json\/wp\/v2\/types\/page"}],"author":[{"embeddable":true,"href":"https:\/\/www.campmapleleaf.ca\/fr\/wp-json\/wp\/v2\/users\/1"}],"replies":[{"embeddable":true,"href":"https:\/\/www.campmapleleaf.ca\/fr\/wp-json\/wp\/v2\/comments?post=1699"}],"version-history":[{"count":4,"href":"https:\/\/www.campmapleleaf.ca\/fr\/wp-json\/wp\/v2\/pages\/1699\/revisions"}],"predecessor-version":[{"id":1843,"href":"https:\/\/www.campmapleleaf.ca\/fr\/wp-json\/wp\/v2\/pages\/1699\/revisions\/1843"}],"wp:attachment":[{"href":"https:\/\/www.campmapleleaf.ca\/fr\/wp-json\/wp\/v2\/media?parent=1699"}],"curies":[{"name":"wp","href":"https:\/\/api.w.org\/{rel}","templated":true}]}}