{"id":1512,"date":"2022-01-25T11:47:25","date_gmt":"2022-01-25T16:47:25","guid":{"rendered":"https:\/\/www.campmapleleaf.ca\/?page_id=1512"},"modified":"2023-11-29T18:24:54","modified_gmt":"2023-11-29T23:24:54","slug":"frais-pour-les-campeurs","status":"publish","type":"page","link":"https:\/\/www.campmapleleaf.ca\/fr\/frais-pour-les-campeurs\/","title":{"rendered":"Frais pour les campeurs"},"content":{"rendered":"<div class=\"wpb-content-wrapper\"><p>[vc_row css_animation=\u00a0\u00bb\u00a0\u00bb row_type=\u00a0\u00bbrow\u00a0\u00bb use_row_as_full_screen_section=\u00a0\u00bbno\u00a0\u00bb type=\u00a0\u00bbgrid\u00a0\u00bb angled_section=\u00a0\u00bbno\u00a0\u00bb text_align=\u00a0\u00bbleft\u00a0\u00bb background_image_as_pattern=\u00a0\u00bbwithout_pattern\u00a0\u00bb z_index=\u00a0\u00bb\u00a0\u00bb padding_top=\u00a0\u00bb80&Prime;][vc_column][vc_column_text]<\/p>\n<h2>Notre mission\u00a0: des camps accessibles \u00e0 tous<\/h2>\n<p>[\/vc_column_text][vc_empty_space height=\u00a0\u00bb25px\u00a0\u00bb][vc_separator type=\u00a0\u00bbnormal\u00a0\u00bb color=\u00a0\u00bb#031959&Prime;][vc_empty_space height=\u00a0\u00bb25px\u00a0\u00bb][vc_column_text]Au Camp Maple Leaf, nous pensons que tous les enfants devraient pouvoir participer, quelle que soit leur situation financi\u00e8re. En tant qu\u2019organisme de bienfaisance enregistr\u00e9, nous remercions nos g\u00e9n\u00e9reux donateurs, dont les contributions financent l\u2019\u00e9cart entre les frais d\u2019inscription et les co\u00fbts op\u00e9rationnels, s\u2019assurant ainsi que notre camp demeure accessible \u00e0 tous.[\/vc_column_text][\/vc_column][\/vc_row][vc_row css_animation=\u00a0\u00bb\u00a0\u00bb row_type=\u00a0\u00bbrow\u00a0\u00bb use_row_as_full_screen_section=\u00a0\u00bbno\u00a0\u00bb type=\u00a0\u00bbgrid\u00a0\u00bb angled_section=\u00a0\u00bbno\u00a0\u00bb text_align=\u00a0\u00bbcenter\u00a0\u00bb background_image_as_pattern=\u00a0\u00bbwithout_pattern\u00a0\u00bb padding_top=\u00a0\u00bb60&Prime; z_index=\u00a0\u00bb\u00a0\u00bb css=\u00a0\u00bb.vc_custom_1643725404480{background-position: center !important;background-repeat: no-repeat !important;background-size: cover !important;}\u00a0\u00bb][vc_column][\/vc_column][\/vc_row][vc_row css_animation=\u00a0\u00bb\u00a0\u00bb row_type=\u00a0\u00bbrow\u00a0\u00bb use_row_as_full_screen_section=\u00a0\u00bbno\u00a0\u00bb type=\u00a0\u00bbgrid\u00a0\u00bb angled_section=\u00a0\u00bbno\u00a0\u00bb text_align=\u00a0\u00bbleft\u00a0\u00bb background_image_as_pattern=\u00a0\u00bbwithout_pattern\u00a0\u00bb z_index=\u00a0\u00bb\u00a0\u00bb padding_top=\u00a0\u00bb50&Prime; css=\u00a0\u00bb.vc_custom_1641491562179{background-image: url(https:\/\/campmapleleaf.ca\/wp-content\/uploads\/2021\/12\/wood-background_v2.jpg?id=358) !important;}\u00a0\u00bb][vc_column][vc_empty_space height=\u00a0\u00bb25px\u00a0\u00bb][vc_empty_space height=\u00a0\u00bb50px\u00a0\u00bb][vc_row_inner row_type=\u00a0\u00bbrow\u00a0\u00bb type=\u00a0\u00bbfull_width\u00a0\u00bb text_align=\u00a0\u00bbleft\u00a0\u00bb css_animation=\u00a0\u00bb\u00a0\u00bb][vc_column_inner width=\u00a0\u00bb1\/2&Prime; css=\u00a0\u00bb.vc_custom_1643128628904{margin-right: 20px !important;padding-right: 40px !important;padding-bottom: 40px !important;padding-left: 40px !important;background-color: rgba(255,255,255,0.9) !important;*background-color: rgb(255,255,255) !important;}\u00a0\u00bb][vc_column_text]<\/p>\n<h2 style=\"text-align: center;\">Frais de camping<\/h2>\n<p>[\/vc_column_text][vc_separator type=\u00a0\u00bbsmall\u00a0\u00bb position=\u00a0\u00bbcenter\u00a0\u00bb width_in_percentages=\u00a0\u00bbyes\u00a0\u00bb thickness=\u00a0\u00bb1px\u00a0\u00bb up=\u00a0\u00bb30&Prime; color=\u00a0\u00bb#031959&Prime; width=\u00a0\u00bb15&Prime; down=\u00a0\u00bb30&Prime;][vc_column_text]<a href=\"\/pdfs\/jacob_island_2024_Fee_structure.pdf\" target=\"_blank\" rel=\"noopener\">\u2022 Frais des camps pour enfants \u2013 \u00cele Jacob (ON)<\/a><\/p>\n<p>&nbsp;<\/p>\n<p><em><strong>*<\/strong> Frais des\u00a0<strong>\u00ab camps familiaux \u00bb de l\u2019\u00cele Jacob<\/strong>\u00a0\u2013 Choisissez votre session sur la page des\u00a0<a href=\"\/fr\/ile-jacob\" target=\"_blank\" rel=\"noopener\">programmes\u00a0<\/a>et cliquez sur \u00ab\u00a0INSCRIPTION\u00a0\u00bb pour consulter les frais<\/em>[\/vc_column_text][\/vc_column_inner][vc_column_inner width=\u00a0\u00bb1\/2&Prime; css=\u00a0\u00bb.vc_custom_1643218365344{margin-left: 20px !important;padding-right: 40px !important;padding-bottom: 50px !important;padding-left: 40px !important;background-color: rgba(255,255,255,0.9) !important;*background-color: rgb(255,255,255) !important;}\u00a0\u00bb][vc_column_text]<\/p>\n<h2 style=\"text-align: center;\">Demande d\u2019aide financi\u00e8re<\/h2>\n<p>[\/vc_column_text][vc_separator type=\u00a0\u00bbsmall\u00a0\u00bb position=\u00a0\u00bbcenter\u00a0\u00bb width_in_percentages=\u00a0\u00bbyes\u00a0\u00bb thickness=\u00a0\u00bb1px\u00a0\u00bb up=\u00a0\u00bb30&Prime; color=\u00a0\u00bb#031959&Prime; width=\u00a0\u00bb15&Prime;][vc_column_text]Les familles de militaires peuvent demander une aide financi\u00e8re \u00e0 <a href=\"https:\/\/www.supportourtroops.ca\/Get-Support\/National-Summer-Camps-Program\" target=\"_blank\" rel=\"noopener\">Appuyons nos troupes<\/a>. Nous nous ferons une joie de vous aider et vous fournirons plus de d\u00e9tails lorsque ce programme sera en place. Toutes les familles peuvent faire appel \u00e0 des organismes qui offrent des bourses de camping, et d\u2019autres commandites sont \u00e0 votre disposition.<\/p>\n<p><a href=\"\/fr\/nous-joindre\/\">Communiquez avec nous pour en savoir plus.<\/a>[\/vc_column_text][\/vc_column_inner][\/vc_row_inner][vc_row_inner row_type=\u00a0\u00bbrow\u00a0\u00bb type=\u00a0\u00bbfull_width\u00a0\u00bb text_align=\u00a0\u00bbleft\u00a0\u00bb css_animation=\u00a0\u00bb\u00a0\u00bb el_class=\u00a0\u00bb.disableRow\u00a0\u00bb][vc_column_inner width=\u00a0\u00bb1\/2&Prime; css=\u00a0\u00bb.vc_custom_1643128628904{margin-right: 20px !important;padding-right: 40px !important;padding-bottom: 40px !important;padding-left: 40px !important;background-color: rgba(255,255,255,0.9) !important;*background-color: rgb(255,255,255) !important;}\u00a0\u00bb][vc_column_text]<\/p>\n<h2 style=\"text-align: center;\">Frais de camping<\/h2>\n<p>[\/vc_column_text][vc_separator type=\u00a0\u00bbsmall\u00a0\u00bb position=\u00a0\u00bbcenter\u00a0\u00bb width_in_percentages=\u00a0\u00bbyes\u00a0\u00bb thickness=\u00a0\u00bb1px\u00a0\u00bb up=\u00a0\u00bb30&Prime; color=\u00a0\u00bb#031959&Prime; width=\u00a0\u00bb15&Prime; down=\u00a0\u00bb30&Prime;][vc_column_text]<span style=\"color: #ff0000;\">Les dates du programme 2024 seront bient\u00f4t disponibles<\/span>[\/vc_column_text][vc_column_text]<a href=\"\/pdfs\/2_Jacob_Island_ON_(FR)-Childrens_Camp_Fee_Structure_2023.pdf\" target=\"_blank\" rel=\"noopener\">\u2022 Frais des\u00a0camps pour enfants \u2013 \u00cele Jacob (ON) <\/a><br \/>\n<a href=\"\/pdfs\/4_Greenhill_Lake_NB_(FR)-Childrens_Camp_Fee_Structure_2023.pdf\" target=\"_blank\" rel=\"noopener\">\u2022 Frais des\u00a0camps pour enfants \u00a0\u2013 lac Greenhill (N.-B.)<br \/>\n<\/a><a href=\"\/pdfs\/6_Sylvan_Lake_AB_(FR)-Childrens_Camp_Fee_Structure_2023.pdf\" target=\"_blank\" rel=\"noopener\">\u2022 Frais des camps pour enfants \u2013 Lac Sylvan, (AB) <\/a><\/p>\n<p>&nbsp;<\/p>\n<p><em><strong>*<\/strong> Frais des\u00a0<strong>\u00ab camps familiaux \u00bb de l\u2019\u00cele Jacob<\/strong>\u00a0\u2013 Choisissez votre session sur la page des\u00a0<a href=\"\/fr\/ile-jacob\" target=\"_blank\" rel=\"noopener\">programmes\u00a0<\/a>et cliquez sur \u00ab\u00a0INSCRIPTION\u00a0\u00bb pour consulter les frais<\/em>[\/vc_column_text][\/vc_column_inner][vc_column_inner width=\u00a0\u00bb1\/2&Prime; css=\u00a0\u00bb.vc_custom_1643218365344{margin-left: 20px !important;padding-right: 40px !important;padding-bottom: 50px !important;padding-left: 40px !important;background-color: rgba(255,255,255,0.9) !important;*background-color: rgb(255,255,255) !important;}\u00a0\u00bb][vc_column_text]<\/p>\n<h2 style=\"text-align: center;\">Demande d\u2019aide financi\u00e8re<\/h2>\n<p>[\/vc_column_text][vc_separator type=\u00a0\u00bbsmall\u00a0\u00bb position=\u00a0\u00bbcenter\u00a0\u00bb width_in_percentages=\u00a0\u00bbyes\u00a0\u00bb thickness=\u00a0\u00bb1px\u00a0\u00bb up=\u00a0\u00bb30&Prime; color=\u00a0\u00bb#031959&Prime; width=\u00a0\u00bb15&Prime;][vc_column_text]Les familles de militaires peuvent demander une aide financi\u00e8re \u00e0 <a href=\"https:\/\/www.supportourtroops.ca\/Get-Support\/National-Summer-Camps-Program\" target=\"_blank\" rel=\"noopener\">Appuyons nos troupes<\/a>. Nous nous ferons une joie de vous aider et vous fournirons plus de d\u00e9tails lorsque ce programme sera en place. Toutes les familles peuvent faire appel \u00e0 des organismes qui offrent des bourses de camping, et d\u2019autres commandites sont \u00e0 votre disposition.<\/p>\n<p><a href=\"\/fr\/nous-joindre\/\">Communiquez avec nous pour en savoir plus.<\/a>[\/vc_column_text][\/vc_column_inner][\/vc_row_inner][vc_empty_space height=\u00a0\u00bb50px\u00a0\u00bb][\/vc_column][\/vc_row][vc_row css_animation=\u00a0\u00bb\u00a0\u00bb row_type=\u00a0\u00bbrow\u00a0\u00bb use_row_as_full_screen_section=\u00a0\u00bbno\u00a0\u00bb type=\u00a0\u00bbfull_width\u00a0\u00bb angled_section=\u00a0\u00bbno\u00a0\u00bb text_align=\u00a0\u00bbleft\u00a0\u00bb background_image_as_pattern=\u00a0\u00bbwithout_pattern\u00a0\u00bb css=\u00a0\u00bb.vc_custom_1643128770070{background-color: #f0eceb !important;}\u00a0\u00bb z_index=\u00a0\u00bb\u00a0\u00bb][vc_column][vc_empty_space height=\u00a0\u00bb50px\u00a0\u00bb][vc_column_text]<\/p>\n<h4 style=\"text-align: center;\">R\u00e9pondre \u00e0 vos questions nous fait plaisir\u00a0\u2013\u00a0appelez-nous au 905\u00a0338-5200<\/h4>\n<p>[\/vc_column_text][vc_empty_space height=\u00a0\u00bb50px\u00a0\u00bb][\/vc_column][\/vc_row]<\/p>\n<\/div>","protected":false},"excerpt":{"rendered":"<p>[vc_row css_animation=\u00a0\u00bb\u00a0\u00bb row_type=\u00a0\u00bbrow\u00a0\u00bb use_row_as_full_screen_section=\u00a0\u00bbno\u00a0\u00bb type=\u00a0\u00bbgrid\u00a0\u00bb angled_section=\u00a0\u00bbno\u00a0\u00bb text_align=\u00a0\u00bbleft\u00a0\u00bb background_image_as_pattern=\u00a0\u00bbwithout_pattern\u00a0\u00bb z_index=\u00a0\u00bb\u00a0\u00bb padding_top=\u00a0\u00bb80&Prime;][vc_column][vc_column_text] Notre mission\u00a0: des camps accessibles \u00e0 tous [\/vc_column_text][vc_empty_space height=\u00a0\u00bb25px\u00a0\u00bb][vc_separator type=\u00a0\u00bbnormal\u00a0\u00bb color=\u00a0\u00bb#031959&Prime;][vc_empty_space height=\u00a0\u00bb25px\u00a0\u00bb][vc_column_text]Au Camp Maple Leaf, nous pensons que tous les enfants devraient pouvoir participer, quelle que soit leur situation financi\u00e8re. En tant qu\u2019organisme de bienfaisance&#8230;<\/p>\n","protected":false},"author":1,"featured_media":0,"parent":0,"menu_order":0,"comment_status":"closed","ping_status":"closed","template":"full_width.php","meta":{"_monsterinsights_skip_tracking":false,"_monsterinsights_sitenote_active":false,"_monsterinsights_sitenote_note":"","_monsterinsights_sitenote_category":0,"footnotes":""},"class_list":["post-1512","page","type-page","status-publish","hentry"],"_links":{"self":[{"href":"https:\/\/www.campmapleleaf.ca\/fr\/wp-json\/wp\/v2\/pages\/1512","targetHints":{"allow":["GET"]}}],"collection":[{"href":"https:\/\/www.campmapleleaf.ca\/fr\/wp-json\/wp\/v2\/pages"}],"about":[{"href":"https:\/\/www.campmapleleaf.ca\/fr\/wp-json\/wp\/v2\/types\/page"}],"author":[{"embeddable":true,"href":"https:\/\/www.campmapleleaf.ca\/fr\/wp-json\/wp\/v2\/users\/1"}],"replies":[{"embeddable":true,"href":"https:\/\/www.campmapleleaf.ca\/fr\/wp-json\/wp\/v2\/comments?post=1512"}],"version-history":[{"count":7,"href":"https:\/\/www.campmapleleaf.ca\/fr\/wp-json\/wp\/v2\/pages\/1512\/revisions"}],"predecessor-version":[{"id":1869,"href":"https:\/\/www.campmapleleaf.ca\/fr\/wp-json\/wp\/v2\/pages\/1512\/revisions\/1869"}],"wp:attachment":[{"href":"https:\/\/www.campmapleleaf.ca\/fr\/wp-json\/wp\/v2\/media?parent=1512"}],"curies":[{"name":"wp","href":"https:\/\/api.w.org\/{rel}","templated":true}]}}