{"id":1443,"date":"2022-01-21T16:58:05","date_gmt":"2022-01-21T21:58:05","guid":{"rendered":"https:\/\/www.campmapleleaf.ca\/?page_id=1443"},"modified":"2023-02-09T16:35:26","modified_gmt":"2023-02-09T21:35:26","slug":"lac-greenhill-nouveau-brunswick","status":"publish","type":"page","link":"https:\/\/www.campmapleleaf.ca\/fr\/lac-greenhill-nouveau-brunswick\/","title":{"rendered":"Lac Greenhill (Nouveau-Brunswick)"},"content":{"rendered":"<div class=\"wpb-content-wrapper\"><p>[vc_row css_animation=\u00a0\u00bb\u00a0\u00bb row_type=\u00a0\u00bbrow\u00a0\u00bb use_row_as_full_screen_section=\u00a0\u00bbno\u00a0\u00bb type=\u00a0\u00bbgrid\u00a0\u00bb angled_section=\u00a0\u00bbno\u00a0\u00bb text_align=\u00a0\u00bbleft\u00a0\u00bb background_image_as_pattern=\u00a0\u00bbwithout_pattern\u00a0\u00bb padding_top=\u00a0\u00bb80&Prime; padding_bottom=\u00a0\u00bb63&Prime; z_index=\u00a0\u00bb\u00a0\u00bb][vc_column offset=\u00a0\u00bbvc_col-md-5&Prime; css=\u00a0\u00bb.vc_custom_1638900058404{padding-right: 25px !important;}\u00a0\u00bb]<div class=\"qode-advanced-image-gallery  qode-aig-slider-type qode-normal-space qode-has-shadow qode-image-behavior-lightbox \">\n\t<div class=\"qode-aig-slider qode-owl-slider\" data-number-of-items=\"1\" data-enable-loop=\"yes\" data-enable-autoplay=\"yes\" data-slider-speed=\"5000\" data-slider-speed-animation=\"600\" data-slider-padding=\"no\" data-enable-navigation=\"yes\" data-enable-pagination=\"yes\">\n\t\t\t\t\t<div class=\"qode-aig-image\">\n\t\t\t\t\t\t\t\t\t<a itemprop=\"image\" class=\"qode-aig-lightbox qode-block-drag-link\" href=\"https:\/\/www.campmapleleaf.ca\/wp-content\/uploads\/2022\/01\/gh1.jpg\" data-rel=\"prettyPhoto[image_gallery_pretty_photo-59]\" title=\"gh1\">\n\t\t\t\t\t\t\t\t\t\t\t<img loading=\"lazy\" decoding=\"async\" src=\"https:\/\/www.campmapleleaf.ca\/wp-content\/uploads\/2022\/01\/gh1-450x525.jpg\" alt=\"\" width=\"450\" height=\"525\" \/>\t\t\t\t\t<span class=\"aig-gallery-hover\">\n\t\t\t\t\t\t\t\t\t\t\t<\/span>\n\t\t\t\t\t\t\t\t\t<\/a>\n\t\t\t\t\t\t\t<\/div>\n\t\t\t\t\t\t\t\t<div class=\"qode-aig-image\">\n\t\t\t\t\t\t\t\t\t<a itemprop=\"image\" class=\"qode-aig-lightbox qode-block-drag-link\" href=\"https:\/\/www.campmapleleaf.ca\/wp-content\/uploads\/2022\/01\/gh2.jpg\" data-rel=\"prettyPhoto[image_gallery_pretty_photo-59]\" title=\"gh2\">\n\t\t\t\t\t\t\t\t\t\t\t<img loading=\"lazy\" decoding=\"async\" src=\"https:\/\/www.campmapleleaf.ca\/wp-content\/uploads\/2022\/01\/gh2-450x525.jpg\" alt=\"\" width=\"450\" height=\"525\" \/>\t\t\t\t\t<span class=\"aig-gallery-hover\">\n\t\t\t\t\t\t\t\t\t\t\t<\/span>\n\t\t\t\t\t\t\t\t\t<\/a>\n\t\t\t\t\t\t\t<\/div>\n\t\t\t\t\t\t\t\t<div class=\"qode-aig-image\">\n\t\t\t\t\t\t\t\t\t<a itemprop=\"image\" class=\"qode-aig-lightbox qode-block-drag-link\" href=\"https:\/\/www.campmapleleaf.ca\/wp-content\/uploads\/2022\/01\/gh3.jpg\" data-rel=\"prettyPhoto[image_gallery_pretty_photo-59]\" title=\"gh3\">\n\t\t\t\t\t\t\t\t\t\t\t<img loading=\"lazy\" decoding=\"async\" src=\"https:\/\/www.campmapleleaf.ca\/wp-content\/uploads\/2022\/01\/gh3-450x525.jpg\" alt=\"\" width=\"450\" height=\"525\" \/>\t\t\t\t\t<span class=\"aig-gallery-hover\">\n\t\t\t\t\t\t\t\t\t\t\t<\/span>\n\t\t\t\t\t\t\t\t\t<\/a>\n\t\t\t\t\t\t\t<\/div>\n\t\t\t\t\t\t\t\t<div class=\"qode-aig-image\">\n\t\t\t\t\t\t\t\t\t<a itemprop=\"image\" class=\"qode-aig-lightbox qode-block-drag-link\" href=\"https:\/\/www.campmapleleaf.ca\/wp-content\/uploads\/2022\/01\/gh4.jpg\" data-rel=\"prettyPhoto[image_gallery_pretty_photo-59]\" title=\"gh4\">\n\t\t\t\t\t\t\t\t\t\t\t<img loading=\"lazy\" decoding=\"async\" src=\"https:\/\/www.campmapleleaf.ca\/wp-content\/uploads\/2022\/01\/gh4-450x525.jpg\" alt=\"\" width=\"450\" height=\"525\" \/>\t\t\t\t\t<span class=\"aig-gallery-hover\">\n\t\t\t\t\t\t\t\t\t\t\t<\/span>\n\t\t\t\t\t\t\t\t\t<\/a>\n\t\t\t\t\t\t\t<\/div>\n\t\t\t\t\t\t\t\t<div class=\"qode-aig-image\">\n\t\t\t\t\t\t\t\t\t<a itemprop=\"image\" class=\"qode-aig-lightbox qode-block-drag-link\" href=\"https:\/\/www.campmapleleaf.ca\/wp-content\/uploads\/2022\/01\/gh5.jpg\" data-rel=\"prettyPhoto[image_gallery_pretty_photo-59]\" title=\"gh5\">\n\t\t\t\t\t\t\t\t\t\t\t<img loading=\"lazy\" decoding=\"async\" src=\"https:\/\/www.campmapleleaf.ca\/wp-content\/uploads\/2022\/01\/gh5-450x525.jpg\" alt=\"\" width=\"450\" height=\"525\" \/>\t\t\t\t\t<span class=\"aig-gallery-hover\">\n\t\t\t\t\t\t\t\t\t\t\t<\/span>\n\t\t\t\t\t\t\t\t\t<\/a>\n\t\t\t\t\t\t\t<\/div>\n\t\t\t\t\t\t\t\t<div class=\"qode-aig-image\">\n\t\t\t\t\t\t\t\t\t<a itemprop=\"image\" class=\"qode-aig-lightbox qode-block-drag-link\" href=\"https:\/\/www.campmapleleaf.ca\/wp-content\/uploads\/2022\/01\/gh6.jpg\" data-rel=\"prettyPhoto[image_gallery_pretty_photo-59]\" title=\"gh6\">\n\t\t\t\t\t\t\t\t\t\t\t<img loading=\"lazy\" decoding=\"async\" src=\"https:\/\/www.campmapleleaf.ca\/wp-content\/uploads\/2022\/01\/gh6-450x525.jpg\" alt=\"\" width=\"450\" height=\"525\" \/>\t\t\t\t\t<span class=\"aig-gallery-hover\">\n\t\t\t\t\t\t\t\t\t\t\t<\/span>\n\t\t\t\t\t\t\t\t\t<\/a>\n\t\t\t\t\t\t\t<\/div>\n\t\t\t\t\t\t\t\t<div class=\"qode-aig-image\">\n\t\t\t\t\t\t\t\t\t<a itemprop=\"image\" class=\"qode-aig-lightbox qode-block-drag-link\" href=\"https:\/\/www.campmapleleaf.ca\/wp-content\/uploads\/2022\/01\/gh7.jpg\" data-rel=\"prettyPhoto[image_gallery_pretty_photo-59]\" title=\"gh7\">\n\t\t\t\t\t\t\t\t\t\t\t<img loading=\"lazy\" decoding=\"async\" src=\"https:\/\/www.campmapleleaf.ca\/wp-content\/uploads\/2022\/01\/gh7-450x525.jpg\" alt=\"\" width=\"450\" height=\"525\" \/>\t\t\t\t\t<span class=\"aig-gallery-hover\">\n\t\t\t\t\t\t\t\t\t\t\t<\/span>\n\t\t\t\t\t\t\t\t\t<\/a>\n\t\t\t\t\t\t\t<\/div>\n\t\t\t\t\t\t\t\t<div class=\"qode-aig-image\">\n\t\t\t\t\t\t\t\t\t<a itemprop=\"image\" class=\"qode-aig-lightbox qode-block-drag-link\" href=\"https:\/\/www.campmapleleaf.ca\/wp-content\/uploads\/2022\/01\/gh8.jpg\" data-rel=\"prettyPhoto[image_gallery_pretty_photo-59]\" title=\"gh8\">\n\t\t\t\t\t\t\t\t\t\t\t<img loading=\"lazy\" decoding=\"async\" src=\"https:\/\/www.campmapleleaf.ca\/wp-content\/uploads\/2022\/01\/gh8-450x525.jpg\" alt=\"\" width=\"450\" height=\"525\" \/>\t\t\t\t\t<span class=\"aig-gallery-hover\">\n\t\t\t\t\t\t\t\t\t\t\t<\/span>\n\t\t\t\t\t\t\t\t\t<\/a>\n\t\t\t\t\t\t\t<\/div>\n\t\t\t\t\t\t\t\t<div class=\"qode-aig-image\">\n\t\t\t\t\t\t\t\t\t<a itemprop=\"image\" class=\"qode-aig-lightbox qode-block-drag-link\" href=\"https:\/\/www.campmapleleaf.ca\/wp-content\/uploads\/2022\/01\/gh9.jpg\" data-rel=\"prettyPhoto[image_gallery_pretty_photo-59]\" title=\"gh9\">\n\t\t\t\t\t\t\t\t\t\t\t<img loading=\"lazy\" decoding=\"async\" src=\"https:\/\/www.campmapleleaf.ca\/wp-content\/uploads\/2022\/01\/gh9-450x525.jpg\" alt=\"\" width=\"450\" height=\"525\" \/>\t\t\t\t\t<span class=\"aig-gallery-hover\">\n\t\t\t\t\t\t\t\t\t\t\t<\/span>\n\t\t\t\t\t\t\t\t\t<\/a>\n\t\t\t\t\t\t\t<\/div>\n\t\t\t\t\t\t\t\t<div class=\"qode-aig-image\">\n\t\t\t\t\t\t\t\t\t<a itemprop=\"image\" class=\"qode-aig-lightbox qode-block-drag-link\" href=\"https:\/\/www.campmapleleaf.ca\/wp-content\/uploads\/2022\/01\/gh10.jpg\" data-rel=\"prettyPhoto[image_gallery_pretty_photo-59]\" title=\"gh10\">\n\t\t\t\t\t\t\t\t\t\t\t<img loading=\"lazy\" decoding=\"async\" src=\"https:\/\/www.campmapleleaf.ca\/wp-content\/uploads\/2022\/01\/gh10-450x525.jpg\" alt=\"\" width=\"450\" height=\"525\" \/>\t\t\t\t\t<span class=\"aig-gallery-hover\">\n\t\t\t\t\t\t\t\t\t\t\t<\/span>\n\t\t\t\t\t\t\t\t\t<\/a>\n\t\t\t\t\t\t\t<\/div>\n\t\t\t\t\t\t\t\t<div class=\"qode-aig-image\">\n\t\t\t\t\t\t\t\t\t<a itemprop=\"image\" class=\"qode-aig-lightbox qode-block-drag-link\" href=\"https:\/\/www.campmapleleaf.ca\/wp-content\/uploads\/2022\/01\/gh11.jpg\" data-rel=\"prettyPhoto[image_gallery_pretty_photo-59]\" title=\"gh11\">\n\t\t\t\t\t\t\t\t\t\t\t<img loading=\"lazy\" decoding=\"async\" src=\"https:\/\/www.campmapleleaf.ca\/wp-content\/uploads\/2022\/01\/gh11-450x525.jpg\" alt=\"\" width=\"450\" height=\"525\" \/>\t\t\t\t\t<span class=\"aig-gallery-hover\">\n\t\t\t\t\t\t\t\t\t\t\t<\/span>\n\t\t\t\t\t\t\t\t\t<\/a>\n\t\t\t\t\t\t\t<\/div>\n\t\t\t\t\t\t<\/div>\n<\/div>[vc_empty_space height=\u00a0\u00bb12px\u00a0\u00bb][vc_empty_space height=\u00a0\u00bb30px\u00a0\u00bb][\/vc_column][vc_column offset=\u00a0\u00bbvc_col-md-7&Prime;][vc_empty_space height=\u00a0\u00bb20px\u00a0\u00bb][vc_column_text]<\/p>\n<h2>Lac Greenhill, Nouveau-Brunswick<\/h2>\n<p>[\/vc_column_text][vc_empty_space height=\u00a0\u00bb20px\u00a0\u00bb][vc_separator type=\u00a0\u00bbnormal\u00a0\u00bb color=\u00a0\u00bb#031959&Prime;][vc_empty_space height=\u00a0\u00bb20px\u00a0\u00bb][vc_column_text]Fermez vos yeux et imaginez le site id\u00e9al pour un camp d\u2019\u00e9t\u00e9\u2026 vous voil\u00e0 au Camp Maple Leaf \u2013 lac Greenhill avec son aire de baignade exceptionnelle sur un lac bord\u00e9 d\u2019un bois\u00e9 enchanteur, ses sentiers de randonn\u00e9e foresti\u00e8re, ses grands terrains propices \u00e0 toutes sortes d\u2019activit\u00e9s, sa piscine chauff\u00e9e et une infinit\u00e9 de lieux naturels \u00e0 explorer et \u00e0 d\u00e9couvrir.<\/p>\n<p>Apr\u00e8s un premier \u00e9t\u00e9 sous le signe de la r\u00e9ussite en 2022, le Camp Maple Leaf est heureux d\u2019accueillir encore plus de campeurs du Canada atlantique au lac Greenhill cette ann\u00e9e. Nos partenaires du Green Hill Lake Camp exploitent ces installations de qualit\u00e9 sup\u00e9rieure depuis de nombreuses ann\u00e9es. Il n\u2019y a pas meilleur endroit pour s\u2019amuser et nouer des amiti\u00e9s![\/vc_column_text][vc_empty_space height=\u00a0\u00bb60px\u00a0\u00bb][vc_row_inner row_type=\u00a0\u00bbrow\u00a0\u00bb type=\u00a0\u00bbfull_width\u00a0\u00bb text_align=\u00a0\u00bbleft\u00a0\u00bb css_animation=\u00a0\u00bb\u00a0\u00bb][vc_column_inner width=\u00a0\u00bb1\/2&Prime;][vc_column_text]<\/p>\n<h4>Activit\u00e9s aquatiques:<\/h4>\n<p>\u2022 Baignade dans le lac et \u00e0 la piscine<br \/>\n\u2022 Parc aquatique sur le lac<br \/>\n\u2022 Cano\u00eb<br \/>\n\u2022 Jeux de plage<br \/>\n\u2022 Kayak<br \/>\n\u2022 Voile[\/vc_column_text][\/vc_column_inner][vc_column_inner width=\u00a0\u00bb1\/2&Prime;][vc_column_text]<\/p>\n<h4>Activit\u00e9s terrestres:<\/h4>\n<p>\u2022 Programme en nature<br \/>\n\u2022 Randonn\u00e9e<br \/>\n\u2022 Course sur cordes \u00e0 faible hauteur<br \/>\n\u2022 Artisanat du cuir<br \/>\n\u2022 Grands jeux<br \/>\n\u2022 Feux de camp[\/vc_column_text][\/vc_column_inner][\/vc_row_inner][vc_empty_space height=\u00a0\u00bb30px\u00a0\u00bb][vc_column_text]Et plus encore! Du th\u00e9\u00e2tre aux \u00e9checs g\u00e9ants, du Gaga Ball au tir \u00e0 l\u2019arc, chaque s\u00e9jour propose une foule d\u2019activit\u00e9s cr\u00e9atives et amusantes \u00e0 vivre entre amis![\/vc_column_text][vc_empty_space height=\u00a0\u00bb60px\u00a0\u00bb][vc_column_text]<\/p>\n<h4>Nos installations:<\/h4>\n<p>Les installations du Camp Maple Leaf \u2013 lac Greenhill comprennent des dortoirs confortables avec lits superpos\u00e9s et matelas, des blocs sanitaires modernes avec douches et toilettes, un r\u00e9fectoire pour accueillir les grandes tabl\u00e9es, des installations de soins infirmiers et de bien\u00eatre, une plage et une piscine, ainsi qu\u2019une vari\u00e9t\u00e9 de b\u00e2timents pour les programmes et d\u2019espaces int\u00e9rieurs\/ext\u00e9rieurs o\u00f9 se d\u00e9roulent nos activit\u00e9s.<\/p>\n<p>&nbsp;<\/p>\n<h4>Des repas aussi app\u00e9tissants que nourrissants:<\/h4>\n<p>Qui dit camp dit bonne bouffe! Apr\u00e8s tout, il faut de l\u2019\u00e9nergie pour tout ce plaisir. Nous sommes fiers de fournir des repas si d\u00e9licieux que nos campeurs ne se doutent pas qu\u2019ils ont \u00e9t\u00e9 con\u00e7us avec l\u2019aide de nutritionnistes et du Guide alimentaire canadien. Nous sommes pass\u00e9s ma\u00eetres dans l\u2019art de rendre les aliments sant\u00e9 app\u00e9tissants pour les enfants, et bien s\u00fbr, nous adaptons notre menu en fonction des restrictions et des allergies alimentaires. Avec trois repas par jour, des collations et des fruits \u00e0 volont\u00e9, personne ne s\u2019amuse jamais le ventre vide!<\/p>\n<p>&nbsp;<\/p>\n<h4>S\u00e9curit\u00e9, supervision et normes:<\/h4>\n<p>La s\u00e9curit\u00e9, la sant\u00e9 et le bien-\u00eatre de tous sont notre principale priorit\u00e9. Vous pouvez donc profiter de tout ce que le camp a \u00e0 offrir en toute confiance. De plus, chacun de nos camps est enti\u00e8rement accr\u00e9dit\u00e9 et respecte les normes les plus \u00e9lev\u00e9es du secteur. En outre, chaque membre de notre personnel enthousiaste et attentionn\u00e9 est soigneusement form\u00e9 et veille \u00e0 tout moment \u00e0 la s\u00e9curit\u00e9 physique et \u00e9motionnelle de chaque campeur.[\/vc_column_text][vc_empty_space height=\u00a0\u00bb60px\u00a0\u00bb]<a  itemprop=\"url\" href=\"\/fr\/lac-greenhill\/\" target=\"_blank\" data-hover-background-color=\"#3e3a3b\" data-hover-border-color=\"#3e3a3b\" data-hover-color=\"#ffffff\" class=\"qbutton  big_large_full_width default\" style=\"color: #ffffff; border-color: #031959; background-color:#031959;\">EN SAVOIR PLUS SUR NOS PROGRAMMES<\/a>[\/vc_column][\/vc_row][vc_row css_animation=\u00a0\u00bb\u00a0\u00bb row_type=\u00a0\u00bbrow\u00a0\u00bb use_row_as_full_screen_section=\u00a0\u00bbno\u00a0\u00bb type=\u00a0\u00bbfull_width\u00a0\u00bb angled_section=\u00a0\u00bbno\u00a0\u00bb text_align=\u00a0\u00bbcenter\u00a0\u00bb background_image_as_pattern=\u00a0\u00bbwithout_pattern\u00a0\u00bb padding_top=\u00a0\u00bb155&Prime; css=\u00a0\u00bb.vc_custom_1640209190313{padding-bottom: 11% !important;background-image: url(http:\/\/bridge162.qodeinteractive.com\/wp-content\/uploads\/2018\/02\/home-background-3-1.jpg?id=104) !important;background-position: center !important;background-repeat: no-repeat !important;background-size: cover !important;}\u00a0\u00bb z_index=\u00a0\u00bb\u00a0\u00bb el_class=\u00a0\u00bb.disableRow\u00a0\u00bb][vc_column][qode_elements_holder number_of_columns=\u00a0\u00bbone_column\u00a0\u00bb][qode_elements_holder_item advanced_animations=\u00a0\u00bbno\u00a0\u00bb item_padding=\u00a0\u00bb0px 29% 0 29%\u00a0\u00bb item_padding_1024_1280=\u00a0\u00bb0px 22% 0 22%\u00a0\u00bb item_padding_768_1024=\u00a0\u00bb0px 18% 0 18%\u00a0\u00bb item_padding_480_600=\u00a0\u00bb0px 3% 0 3%\u00a0\u00bb item_padding_480=\u00a0\u00bb0px 3% 0 3%\u00a0\u00bb]<div class='testimonials_holder clearfix '><div class=\"testimonials testimonials_carousel\" data-show-navigation=\"no\" data-animation-type=\"fade\" data-animation-speed=\"\" data-auto-rotate-slides=\"3\" data-number-per-slide=\"1\"><ul class=\"slides\">Sorry, no posts matched your criteria.<\/ul><\/div><\/div>[\/qode_elements_holder_item][\/qode_elements_holder][\/vc_column][\/vc_row]<\/p>\n<\/div>","protected":false},"excerpt":{"rendered":"<p>[vc_row css_animation=\u00a0\u00bb\u00a0\u00bb row_type=\u00a0\u00bbrow\u00a0\u00bb use_row_as_full_screen_section=\u00a0\u00bbno\u00a0\u00bb type=\u00a0\u00bbgrid\u00a0\u00bb angled_section=\u00a0\u00bbno\u00a0\u00bb text_align=\u00a0\u00bbleft\u00a0\u00bb background_image_as_pattern=\u00a0\u00bbwithout_pattern\u00a0\u00bb padding_top=\u00a0\u00bb80&Prime; padding_bottom=\u00a0\u00bb63&Prime; z_index=\u00a0\u00bb\u00a0\u00bb][vc_column offset=\u00a0\u00bbvc_col-md-5&Prime; css=\u00a0\u00bb.vc_custom_1638900058404{padding-right: 25px !important;}\u00a0\u00bb][vc_empty_space height=\u00a0\u00bb12px\u00a0\u00bb][vc_empty_space height=\u00a0\u00bb30px\u00a0\u00bb][\/vc_column][vc_column offset=\u00a0\u00bbvc_col-md-7&Prime;][vc_empty_space height=\u00a0\u00bb20px\u00a0\u00bb][vc_column_text] Lac Greenhill, Nouveau-Brunswick [\/vc_column_text][vc_empty_space height=\u00a0\u00bb20px\u00a0\u00bb][vc_separator type=\u00a0\u00bbnormal\u00a0\u00bb color=\u00a0\u00bb#031959&Prime;][vc_empty_space height=\u00a0\u00bb20px\u00a0\u00bb][vc_column_text]Fermez vos yeux et imaginez le site id\u00e9al pour un camp d\u2019\u00e9t\u00e9\u2026 vous voil\u00e0 au Camp Maple Leaf \u2013&#8230;<\/p>\n","protected":false},"author":1,"featured_media":0,"parent":0,"menu_order":0,"comment_status":"closed","ping_status":"closed","template":"full_width.php","meta":{"_monsterinsights_skip_tracking":false,"_monsterinsights_sitenote_active":false,"_monsterinsights_sitenote_note":"","_monsterinsights_sitenote_category":0,"footnotes":""},"class_list":["post-1443","page","type-page","status-publish","hentry"],"_links":{"self":[{"href":"https:\/\/www.campmapleleaf.ca\/fr\/wp-json\/wp\/v2\/pages\/1443","targetHints":{"allow":["GET"]}}],"collection":[{"href":"https:\/\/www.campmapleleaf.ca\/fr\/wp-json\/wp\/v2\/pages"}],"about":[{"href":"https:\/\/www.campmapleleaf.ca\/fr\/wp-json\/wp\/v2\/types\/page"}],"author":[{"embeddable":true,"href":"https:\/\/www.campmapleleaf.ca\/fr\/wp-json\/wp\/v2\/users\/1"}],"replies":[{"embeddable":true,"href":"https:\/\/www.campmapleleaf.ca\/fr\/wp-json\/wp\/v2\/comments?post=1443"}],"version-history":[{"count":4,"href":"https:\/\/www.campmapleleaf.ca\/fr\/wp-json\/wp\/v2\/pages\/1443\/revisions"}],"predecessor-version":[{"id":1758,"href":"https:\/\/www.campmapleleaf.ca\/fr\/wp-json\/wp\/v2\/pages\/1443\/revisions\/1758"}],"wp:attachment":[{"href":"https:\/\/www.campmapleleaf.ca\/fr\/wp-json\/wp\/v2\/media?parent=1443"}],"curies":[{"name":"wp","href":"https:\/\/api.w.org\/{rel}","templated":true}]}}