{"id":1440,"date":"2022-01-05T12:59:27","date_gmt":"2022-01-05T17:59:27","guid":{"rendered":"https:\/\/www.campmapleleaf.ca\/?page_id=1440"},"modified":"2023-02-09T16:24:53","modified_gmt":"2023-02-09T21:24:53","slug":"ile-jacob-ontario","status":"publish","type":"page","link":"https:\/\/www.campmapleleaf.ca\/fr\/ile-jacob-ontario\/","title":{"rendered":"\u00cele Jacob (Ontario)"},"content":{"rendered":"<div class=\"wpb-content-wrapper\"><p>[vc_row css_animation=\u00a0\u00bb\u00a0\u00bb row_type=\u00a0\u00bbrow\u00a0\u00bb use_row_as_full_screen_section=\u00a0\u00bbno\u00a0\u00bb type=\u00a0\u00bbgrid\u00a0\u00bb angled_section=\u00a0\u00bbno\u00a0\u00bb text_align=\u00a0\u00bbleft\u00a0\u00bb background_image_as_pattern=\u00a0\u00bbwithout_pattern\u00a0\u00bb padding_top=\u00a0\u00bb80&Prime; padding_bottom=\u00a0\u00bb80&Prime; z_index=\u00a0\u00bb\u00a0\u00bb][vc_column offset=\u00a0\u00bbvc_col-md-7&Prime;][vc_empty_space height=\u00a0\u00bb20px\u00a0\u00bb][vc_column_text]<\/p>\n<h2>\u00cele Jacobs (Ontario)<\/h2>\n<p>[\/vc_column_text][vc_empty_space height=\u00a0\u00bb20px\u00a0\u00bb][vc_separator type=\u00a0\u00bbnormal\u00a0\u00bb color=\u00a0\u00bb#031959&Prime;][vc_empty_space height=\u00a0\u00bb20px\u00a0\u00bb][vc_row_inner row_type=\u00a0\u00bbrow\u00a0\u00bb type=\u00a0\u00bbfull_width\u00a0\u00bb text_align=\u00a0\u00bbleft\u00a0\u00bb css_animation=\u00a0\u00bb\u00a0\u00bb][vc_column_inner][vc_column_text]<\/p>\n<h4>Les installations ontariennes du Camp Maple Leaf se situent sur une \u00eele priv\u00e9e de 104 acres situ\u00e9e sur le Lac Pigeon, dans les magnifiques lacs Kawartha.<\/h4>\n<p>[\/vc_column_text][vc_empty_space height=\u00a0\u00bb30px\u00a0\u00bb][vc_column_text]Fond\u00e9 en 1955, le camp de l\u2019\u00eele Jacob est notre \u00e9tablissement phare. Voil\u00e0 maintenant plus de 65\u00a0ans que nous y accueillons des enfants. On y trouve des arbres immenses, des champs d\u2019un vert \u00e9meraude, des sentiers en nature, un littoral sans fin et des couchers de soleil \u00e0 couper le souffle. Apr\u00e8s tout, c\u2019est une v\u00e9ritable \u00eele, et c\u2019est pourquoi l\u2019aventure commence par une travers\u00e9e en bateau jusqu\u2019au quai o\u00f9 le personnel r\u00e9serve un accueil chaleureux aux participants.[\/vc_column_text][vc_empty_space height=\u00a0\u00bb40px\u00a0\u00bb][\/vc_column_inner][\/vc_row_inner][vc_row_inner row_type=\u00a0\u00bbrow\u00a0\u00bb type=\u00a0\u00bbfull_width\u00a0\u00bb text_align=\u00a0\u00bbleft\u00a0\u00bb css_animation=\u00a0\u00bb\u00a0\u00bb][vc_column_inner width=\u00a0\u00bb1\/2&Prime;][vc_column_text]<\/p>\n<h4>Activit\u00e9s aquatiques:<\/h4>\n<p>\u2022 Baignade<br \/>\n\u2022 Cano\u00eb<br \/>\n\u2022 Kayak<br \/>\n\u2022 P\u00eache<br \/>\n\u2022 Jeux de plage<br \/>\n\u2022 Bateau d\u2019aviron[\/vc_column_text][\/vc_column_inner][vc_column_inner width=\u00a0\u00bb1\/2&Prime;][vc_column_text]<\/p>\n<h4>Activit\u00e9s terrestres:<\/h4>\n<p>\u2022 Arts plastiques<br \/>\n\u2022 Arts de la sc\u00e8ne<br \/>\n\u2022 Programme en nature insulaire<br \/>\n\u2022 Escalade<br \/>\n\u2022 H\u00e9bertisme<br \/>\n\u2022 Tir \u00e0 l\u2019arc<br \/>\n\u2022 Sports<br \/>\n\u2022 Feux de camp[\/vc_column_text][\/vc_column_inner][\/vc_row_inner][vc_empty_space height=\u00a0\u00bb40px\u00a0\u00bb][vc_column_text]<\/p>\n<h4>Le coin du passe-temps:<\/h4>\n<p>Les campeurs d\u00e9couvriront la gamme \u00e9tonnante de passe-temps, de comp\u00e9tences et de talents de nos moniteurs, aides-moniteurs et b\u00e9n\u00e9voles. Du ultimate frisbee \u00e0 la capture de grenouilles, tout est permis! Chaque s\u00e9jour pr\u00e9voit des tonnes d\u2019activit\u00e9s ext\u00e9rieures cr\u00e9atives et amusantes \u00e0 vivre entre amis![\/vc_column_text][vc_empty_space height=\u00a0\u00bb40px\u00a0\u00bb][vc_row_inner row_type=\u00a0\u00bbrow\u00a0\u00bb type=\u00a0\u00bbfull_width\u00a0\u00bb text_align=\u00a0\u00bbleft\u00a0\u00bb css_animation=\u00a0\u00bb\u00a0\u00bb][vc_column_inner][vc_column_text]<\/p>\n<h4>Nos installations:<\/h4>\n<p>Sur notre \u00eele, les campeurs trouveront des dortoirs confortables avec lits superpos\u00e9s et matelas, des blocs sanitaires modernes avec douches et toilettes, un r\u00e9fectoire pour accueillir les grandes tabl\u00e9es, un centre d\u2019accueil professionnel comprenant des installations de soins infirmiers ainsi qu\u2019une vari\u00e9t\u00e9 de b\u00e2timents pour les programmes et d\u2019espaces int\u00e9rieurs et ext\u00e9rieurs o\u00f9 se d\u00e9roulent nos activit\u00e9s.<\/p>\n<p>&nbsp;<\/p>\n<h4>Des repas aussi app\u00e9tissants que nourrissants:<\/h4>\n<p>Qui dit camp dit bonne bouffe! Apr\u00e8s tout, il faut de l\u2019\u00e9nergie pour tout ce plaisir. Nous sommes fiers de fournir des repas si d\u00e9licieux que nos campeurs ne se doutent pas qu\u2019ils ont \u00e9t\u00e9 con\u00e7us avec l\u2019aide de nutritionnistes et du Guide alimentaire canadien. Nous sommes pass\u00e9s ma\u00eetres dans l\u2019art de rendre les aliments sant\u00e9 app\u00e9tissants pour les enfants, et bien s\u00fbr, nous adaptons notre menu en fonction des restrictions et des allergies alimentaires. Avec trois repas par jour, des collations et des fruits \u00e0 volont\u00e9, personne ne s\u2019amuse jamais le ventre vide!<\/p>\n<p>&nbsp;<\/p>\n<h4>S\u00e9curit\u00e9, supervision et normes:<\/h4>\n<p>La s\u00e9curit\u00e9, la sant\u00e9 et le bien-\u00eatre de tous sont notre principale priorit\u00e9. Vous pouvez donc profiter de tout ce que le camp a \u00e0 offrir en toute confiance. De plus, chacun de nos camps est enti\u00e8rement accr\u00e9dit\u00e9 et respecte les normes les plus \u00e9lev\u00e9es du secteur. En outre, chaque membre de notre personnel enthousiaste et attentionn\u00e9 est soigneusement form\u00e9 et veille \u00e0 tout moment \u00e0 la s\u00e9curit\u00e9 physique et \u00e9motionnelle de chaque campeur. En fait, plusieurs sont eux-m\u00eames d\u2019anciens campeurs, et savent donc comment faire vivre la magie du camp aux enfants et \u00e0 leur famille.[\/vc_column_text][vc_empty_space height=\u00a0\u00bb60px\u00a0\u00bb][\/vc_column_inner][\/vc_row_inner][vc_empty_space height=\u00a0\u00bb30px\u00a0\u00bb]<a  itemprop=\"url\" href=\"\/fr\/ile-jacob\/\" target=\"_blank\" data-hover-background-color=\"#3e3a3b\" data-hover-border-color=\"#3e3a3b\" data-hover-color=\"#ffffff\" class=\"qbutton  big_large_full_width default\" style=\"color: #ffffff; border-color: #031959; background-color:#031959;\">En savoir plus sur nos programmes<\/a>[\/vc_column][vc_column offset=\u00a0\u00bbvc_col-md-5&Prime; css=\u00a0\u00bb.vc_custom_1638900058404{padding-right: 25px !important;}\u00a0\u00bb]<div class=\"qode-advanced-image-gallery  qode-aig-slider-type qode-normal-space qode-has-shadow qode-image-behavior-lightbox \">\n\t<div class=\"qode-aig-slider qode-owl-slider\" data-number-of-items=\"1\" data-enable-loop=\"yes\" data-enable-autoplay=\"yes\" data-slider-speed=\"5000\" data-slider-speed-animation=\"600\" data-slider-padding=\"no\" data-enable-navigation=\"yes\" data-enable-pagination=\"yes\">\n\t\t\t\t\t<div class=\"qode-aig-image\">\n\t\t\t\t\t\t\t\t\t<a itemprop=\"image\" class=\"qode-aig-lightbox qode-block-drag-link\" href=\"https:\/\/www.campmapleleaf.ca\/wp-content\/uploads\/2022\/01\/camps_cml1.jpg\" data-rel=\"prettyPhoto[image_gallery_pretty_photo-428]\" title=\"camps_cml1\">\n\t\t\t\t\t\t\t\t\t\t\t<img loading=\"lazy\" decoding=\"async\" src=\"https:\/\/www.campmapleleaf.ca\/wp-content\/uploads\/2022\/01\/camps_cml1-450x525.jpg\" alt=\"\" width=\"450\" height=\"525\" \/>\t\t\t\t\t<span class=\"aig-gallery-hover\">\n\t\t\t\t\t\t\t\t\t\t\t<\/span>\n\t\t\t\t\t\t\t\t\t<\/a>\n\t\t\t\t\t\t\t<\/div>\n\t\t\t\t\t\t\t\t<div class=\"qode-aig-image\">\n\t\t\t\t\t\t\t\t\t<a itemprop=\"image\" class=\"qode-aig-lightbox qode-block-drag-link\" href=\"https:\/\/www.campmapleleaf.ca\/wp-content\/uploads\/2022\/01\/camps_cml6.jpg\" data-rel=\"prettyPhoto[image_gallery_pretty_photo-428]\" title=\"camps_cml6\">\n\t\t\t\t\t\t\t\t\t\t\t<img loading=\"lazy\" decoding=\"async\" src=\"https:\/\/www.campmapleleaf.ca\/wp-content\/uploads\/2022\/01\/camps_cml6-450x525.jpg\" alt=\"\" width=\"450\" height=\"525\" \/>\t\t\t\t\t<span class=\"aig-gallery-hover\">\n\t\t\t\t\t\t\t\t\t\t\t<\/span>\n\t\t\t\t\t\t\t\t\t<\/a>\n\t\t\t\t\t\t\t<\/div>\n\t\t\t\t\t\t\t\t<div class=\"qode-aig-image\">\n\t\t\t\t\t\t\t\t\t<a itemprop=\"image\" class=\"qode-aig-lightbox qode-block-drag-link\" href=\"https:\/\/www.campmapleleaf.ca\/wp-content\/uploads\/2022\/01\/camps_cml5.jpg\" data-rel=\"prettyPhoto[image_gallery_pretty_photo-428]\" title=\"camps_cml5\">\n\t\t\t\t\t\t\t\t\t\t\t<img loading=\"lazy\" decoding=\"async\" src=\"https:\/\/www.campmapleleaf.ca\/wp-content\/uploads\/2022\/01\/camps_cml5-450x525.jpg\" alt=\"\" width=\"450\" height=\"525\" \/>\t\t\t\t\t<span class=\"aig-gallery-hover\">\n\t\t\t\t\t\t\t\t\t\t\t<\/span>\n\t\t\t\t\t\t\t\t\t<\/a>\n\t\t\t\t\t\t\t<\/div>\n\t\t\t\t\t\t\t\t<div class=\"qode-aig-image\">\n\t\t\t\t\t\t\t\t\t<a itemprop=\"image\" class=\"qode-aig-lightbox qode-block-drag-link\" href=\"https:\/\/www.campmapleleaf.ca\/wp-content\/uploads\/2022\/01\/camps_cml4.jpg\" data-rel=\"prettyPhoto[image_gallery_pretty_photo-428]\" title=\"camps_cml4\">\n\t\t\t\t\t\t\t\t\t\t\t<img loading=\"lazy\" decoding=\"async\" src=\"https:\/\/www.campmapleleaf.ca\/wp-content\/uploads\/2022\/01\/camps_cml4-450x525.jpg\" alt=\"\" width=\"450\" height=\"525\" \/>\t\t\t\t\t<span class=\"aig-gallery-hover\">\n\t\t\t\t\t\t\t\t\t\t\t<\/span>\n\t\t\t\t\t\t\t\t\t<\/a>\n\t\t\t\t\t\t\t<\/div>\n\t\t\t\t\t\t\t\t<div class=\"qode-aig-image\">\n\t\t\t\t\t\t\t\t\t<a itemprop=\"image\" class=\"qode-aig-lightbox qode-block-drag-link\" href=\"https:\/\/www.campmapleleaf.ca\/wp-content\/uploads\/2022\/01\/camps_cml3.jpg\" data-rel=\"prettyPhoto[image_gallery_pretty_photo-428]\" title=\"camps_cml3\">\n\t\t\t\t\t\t\t\t\t\t\t<img loading=\"lazy\" decoding=\"async\" src=\"https:\/\/www.campmapleleaf.ca\/wp-content\/uploads\/2022\/01\/camps_cml3-450x525.jpg\" alt=\"\" width=\"450\" height=\"525\" \/>\t\t\t\t\t<span class=\"aig-gallery-hover\">\n\t\t\t\t\t\t\t\t\t\t\t<\/span>\n\t\t\t\t\t\t\t\t\t<\/a>\n\t\t\t\t\t\t\t<\/div>\n\t\t\t\t\t\t\t\t<div class=\"qode-aig-image\">\n\t\t\t\t\t\t\t\t\t<a itemprop=\"image\" class=\"qode-aig-lightbox qode-block-drag-link\" href=\"https:\/\/www.campmapleleaf.ca\/wp-content\/uploads\/2022\/01\/camps_cml2.jpg\" data-rel=\"prettyPhoto[image_gallery_pretty_photo-428]\" title=\"camps_cml2\">\n\t\t\t\t\t\t\t\t\t\t\t<img loading=\"lazy\" decoding=\"async\" src=\"https:\/\/www.campmapleleaf.ca\/wp-content\/uploads\/2022\/01\/camps_cml2-450x525.jpg\" alt=\"\" width=\"450\" height=\"525\" \/>\t\t\t\t\t<span class=\"aig-gallery-hover\">\n\t\t\t\t\t\t\t\t\t\t\t<\/span>\n\t\t\t\t\t\t\t\t\t<\/a>\n\t\t\t\t\t\t\t<\/div>\n\t\t\t\t\t\t<\/div>\n<\/div>[vc_empty_space height=\u00a0\u00bb12px\u00a0\u00bb][\/vc_column][\/vc_row][vc_row css_animation=\u00a0\u00bb\u00a0\u00bb row_type=\u00a0\u00bbrow\u00a0\u00bb use_row_as_full_screen_section=\u00a0\u00bbno\u00a0\u00bb type=\u00a0\u00bbfull_width\u00a0\u00bb angled_section=\u00a0\u00bbno\u00a0\u00bb text_align=\u00a0\u00bbcenter\u00a0\u00bb background_image_as_pattern=\u00a0\u00bbwithout_pattern\u00a0\u00bb padding_top=\u00a0\u00bb155&Prime; css=\u00a0\u00bb.vc_custom_1640209190313{padding-bottom: 11% !important;background-image: url(http:\/\/bridge162.qodeinteractive.com\/wp-content\/uploads\/2018\/02\/home-background-3-1.jpg?id=104) !important;background-position: center !important;background-repeat: no-repeat !important;background-size: cover !important;}\u00a0\u00bb z_index=\u00a0\u00bb\u00a0\u00bb el_class=\u00a0\u00bb.disableRow\u00a0\u00bb][vc_column][qode_elements_holder number_of_columns=\u00a0\u00bbone_column\u00a0\u00bb][qode_elements_holder_item advanced_animations=\u00a0\u00bbno\u00a0\u00bb item_padding=\u00a0\u00bb0px 29% 0 29%\u00a0\u00bb item_padding_1024_1280=\u00a0\u00bb0px 22% 0 22%\u00a0\u00bb item_padding_768_1024=\u00a0\u00bb0px 18% 0 18%\u00a0\u00bb item_padding_480_600=\u00a0\u00bb0px 3% 0 3%\u00a0\u00bb item_padding_480=\u00a0\u00bb0px 3% 0 3%\u00a0\u00bb]<div class='testimonials_holder clearfix '><div class=\"testimonials testimonials_carousel\" data-show-navigation=\"no\" data-animation-type=\"fade\" data-animation-speed=\"\" data-auto-rotate-slides=\"3\" data-number-per-slide=\"1\"><ul class=\"slides\">Sorry, no posts matched your criteria.<\/ul><\/div><\/div>[\/qode_elements_holder_item][\/qode_elements_holder][\/vc_column][\/vc_row]<\/p>\n<\/div>","protected":false},"excerpt":{"rendered":"<p>[vc_row css_animation=\u00a0\u00bb\u00a0\u00bb row_type=\u00a0\u00bbrow\u00a0\u00bb use_row_as_full_screen_section=\u00a0\u00bbno\u00a0\u00bb type=\u00a0\u00bbgrid\u00a0\u00bb angled_section=\u00a0\u00bbno\u00a0\u00bb text_align=\u00a0\u00bbleft\u00a0\u00bb background_image_as_pattern=\u00a0\u00bbwithout_pattern\u00a0\u00bb padding_top=\u00a0\u00bb80&Prime; padding_bottom=\u00a0\u00bb80&Prime; z_index=\u00a0\u00bb\u00a0\u00bb][vc_column offset=\u00a0\u00bbvc_col-md-7&Prime;][vc_empty_space height=\u00a0\u00bb20px\u00a0\u00bb][vc_column_text] \u00cele Jacobs (Ontario) [\/vc_column_text][vc_empty_space height=\u00a0\u00bb20px\u00a0\u00bb][vc_separator type=\u00a0\u00bbnormal\u00a0\u00bb color=\u00a0\u00bb#031959&Prime;][vc_empty_space height=\u00a0\u00bb20px\u00a0\u00bb][vc_row_inner row_type=\u00a0\u00bbrow\u00a0\u00bb type=\u00a0\u00bbfull_width\u00a0\u00bb text_align=\u00a0\u00bbleft\u00a0\u00bb css_animation=\u00a0\u00bb\u00a0\u00bb][vc_column_inner][vc_column_text] Les installations ontariennes du Camp Maple Leaf se situent sur une \u00eele priv\u00e9e de 104 acres situ\u00e9e sur le Lac&#8230;<\/p>\n","protected":false},"author":1,"featured_media":0,"parent":0,"menu_order":0,"comment_status":"closed","ping_status":"closed","template":"full_width.php","meta":{"_monsterinsights_skip_tracking":false,"_monsterinsights_sitenote_active":false,"_monsterinsights_sitenote_note":"","_monsterinsights_sitenote_category":0,"footnotes":""},"class_list":["post-1440","page","type-page","status-publish","hentry"],"_links":{"self":[{"href":"https:\/\/www.campmapleleaf.ca\/fr\/wp-json\/wp\/v2\/pages\/1440","targetHints":{"allow":["GET"]}}],"collection":[{"href":"https:\/\/www.campmapleleaf.ca\/fr\/wp-json\/wp\/v2\/pages"}],"about":[{"href":"https:\/\/www.campmapleleaf.ca\/fr\/wp-json\/wp\/v2\/types\/page"}],"author":[{"embeddable":true,"href":"https:\/\/www.campmapleleaf.ca\/fr\/wp-json\/wp\/v2\/users\/1"}],"replies":[{"embeddable":true,"href":"https:\/\/www.campmapleleaf.ca\/fr\/wp-json\/wp\/v2\/comments?post=1440"}],"version-history":[{"count":5,"href":"https:\/\/www.campmapleleaf.ca\/fr\/wp-json\/wp\/v2\/pages\/1440\/revisions"}],"predecessor-version":[{"id":1756,"href":"https:\/\/www.campmapleleaf.ca\/fr\/wp-json\/wp\/v2\/pages\/1440\/revisions\/1756"}],"wp:attachment":[{"href":"https:\/\/www.campmapleleaf.ca\/fr\/wp-json\/wp\/v2\/media?parent=1440"}],"curies":[{"name":"wp","href":"https:\/\/api.w.org\/{rel}","templated":true}]}}