{"id":1420,"date":"2022-01-11T15:08:15","date_gmt":"2022-01-11T20:08:15","guid":{"rendered":"https:\/\/www.campmapleleaf.ca\/?page_id=1420"},"modified":"2023-02-07T14:01:01","modified_gmt":"2023-02-07T19:01:01","slug":"the-camp-tanamakoon-charitable-foundation-inc","status":"publish","type":"page","link":"https:\/\/www.campmapleleaf.ca\/fr\/the-camp-tanamakoon-charitable-foundation-inc\/","title":{"rendered":"The Camp Tanamakoon Charitable Foundation, Inc"},"content":{"rendered":"<div class=\"wpb-content-wrapper\"><p>[vc_row css_animation=\u00a0\u00bb\u00a0\u00bb row_type=\u00a0\u00bbrow\u00a0\u00bb use_row_as_full_screen_section=\u00a0\u00bbno\u00a0\u00bb type=\u00a0\u00bbgrid\u00a0\u00bb angled_section=\u00a0\u00bbno\u00a0\u00bb text_align=\u00a0\u00bbleft\u00a0\u00bb background_image_as_pattern=\u00a0\u00bbwithout_pattern\u00a0\u00bb padding_top=\u00a0\u00bb60&Prime; padding_bottom=\u00a0\u00bb40&Prime; z_index=\u00a0\u00bb\u00a0\u00bb][vc_column offset=\u00a0\u00bbvc_col-md-5&Prime;][vc_single_image image=\u00a0\u00bb423&Prime; img_size=\u00a0\u00bbfull\u00a0\u00bb qode_css_animation=\u00a0\u00bb\u00a0\u00bb][vc_empty_space height=\u00a0\u00bb12px\u00a0\u00bb][vc_empty_space height=\u00a0\u00bb30px\u00a0\u00bb][\/vc_column][vc_column offset=\u00a0\u00bbvc_col-md-7&Prime;][vc_empty_space height=\u00a0\u00bb20px\u00a0\u00bb][vc_empty_space height=\u00a0\u00bb12px\u00a0\u00bb][vc_column_text]<\/p>\n<h3 style=\"text-align: left;\"><span style=\"color: #313f32;\">Le Camp Maple Leaf est exploit\u00e9 par la Camp Tanamakoon Charitable Foundation, Inc., organisme de bienfaisance enregistr\u00e9 et camp de vacances pour filles cr\u00e9\u00e9 au parc Algonquin en 1925.<\/span><\/h3>\n<p>[\/vc_column_text][vc_empty_space height=\u00a0\u00bb5px\u00a0\u00bb][vc_separator type=\u00a0\u00bbsmall\u00a0\u00bb position=\u00a0\u00bbleft\u00a0\u00bb width_in_percentages=\u00a0\u00bbyes\u00a0\u00bb width=\u00a0\u00bb15&Prime; up=\u00a0\u00bb30&Prime; color=\u00a0\u00bb#653335&Prime;][vc_empty_space height=\u00a0\u00bb15px\u00a0\u00bb][vc_column_text]<span style=\"color: #313f32;\">Camp Tanamakoon appartient \u00e0 Kim Smith et \u00e0 sa famille, qui l\u2019exploitent avec amour depuis 37 ans. En tant que directeur g\u00e9n\u00e9ral, Kim a supervis\u00e9 la restauration et la modernisation des installations, tout en veillant au maintien et au renforcement des valeurs et des traditions du camp.<\/span><\/p>\n<p><span style=\"color: #313f32;\">Cr\u00e9\u00e9e en 1995, la Camp Tanamakoon Charitable Foundation avait pour objectif initial de faire un don annuel \u00e0 des organismes de bienfaisance pour les femmes et les enfants.<\/span><\/p>\n<p><span style=\"color: #313f32;\">En voyant nos revenus augmenter, nous avons d\u00e9cid\u00e9 de soutenir des groupes d\u2019enfants qui rencontrent des d\u00e9fis uniques et peu connus.<\/span>[\/vc_column_text][vc_empty_space height=\u00a0\u00bb30px\u00a0\u00bb][\/vc_column][\/vc_row][vc_row css_animation=\u00a0\u00bb\u00a0\u00bb row_type=\u00a0\u00bbrow\u00a0\u00bb use_row_as_full_screen_section=\u00a0\u00bbno\u00a0\u00bb type=\u00a0\u00bbgrid\u00a0\u00bb angled_section=\u00a0\u00bbno\u00a0\u00bb text_align=\u00a0\u00bbleft\u00a0\u00bb background_image_as_pattern=\u00a0\u00bbwithout_pattern\u00a0\u00bb padding_top=\u00a0\u00bb75&Prime; padding_bottom=\u00a0\u00bb81&Prime; z_index=\u00a0\u00bb\u00a0\u00bb css=\u00a0\u00bb.vc_custom_1642527339315{background-image: url(https:\/\/campmapleleaf.ca\/wp-content\/uploads\/2021\/12\/tama_about-background.jpg?id=429) !important;background-position: center !important;background-repeat: no-repeat !important;background-size: cover !important;}\u00a0\u00bb][vc_column][vc_row_inner row_type=\u00a0\u00bbrow\u00a0\u00bb type=\u00a0\u00bbfull_width\u00a0\u00bb text_align=\u00a0\u00bbleft\u00a0\u00bb css_animation=\u00a0\u00bb\u00a0\u00bb padding_bottom=\u00a0\u00bb107&Prime;][vc_column_inner offset=\u00a0\u00bbvc_col-md-5&Prime;][qode_elements_holder number_of_columns=\u00a0\u00bbone_column\u00a0\u00bb][qode_elements_holder_item advanced_animations=\u00a0\u00bbno\u00a0\u00bb item_padding=\u00a0\u00bb0px 0px 0 52px\u00a0\u00bb item_padding_1280_1440=\u00a0\u00bb15px 0px 0 52px\u00a0\u00bb item_padding_768_1024=\u00a0\u00bb16px 0px 0 28px\u00a0\u00bb item_padding_600_768=\u00a0\u00bb40px 0px 0 0px\u00a0\u00bb item_padding_480_600=\u00a0\u00bb40px 0px 0 0px\u00a0\u00bb item_padding_480=\u00a0\u00bb40px 0px 0 0px\u00a0\u00bb][vc_column_text]<span style=\"color: #313f32;\">Ils avaient besoin d\u2019un camp bien \u00e0 eux, o\u00f9 ils pourraient se sentir chez eux. Les campeurs et les organismes de soutien \u00e9taient confront\u00e9s \u00e0 un probl\u00e8me : trouver l\u2019emplacement parfait.<\/span><\/p>\n<p><span style=\"color: #313f32;\">En 2015, le Camp Maple Leaf \u00e9tait en pleine transition et devait trouver de nouveaux propri\u00e9taires pour survivre. C\u2019est l\u00e0 que la Camp Tanamakoon Charitable Foundation est entr\u00e9e en sc\u00e8ne. Gr\u00e2ce au soutien de nombreux donateurs (particuliers et organisations), elle a eu le privil\u00e8ge de reprendre le flambeau et d\u2019enrichir l\u2019h\u00e9ritage du Camp Maple Leaf.<\/span><\/p>\n<p><span style=\"color: #313f32;\">Sous la houlette de la fondation, le CML s\u2019est lanc\u00e9 dans une aventure ambitieuse visant \u00e0 cr\u00e9er de nouveaux camps dans les provinces de l\u2019Ouest et de l\u2019Atlantique au cours des trois prochaines ann\u00e9es. Notre objectif est de tripler notre port\u00e9e pour aider un plus grand nombre de personnes aux prises avec des difficult\u00e9s uniques.<\/span><\/p>\n<p><span style=\"color: #313f32;\">Pour la grande famille du Camp Tanamakoon, ce partenariat montre que nous pouvons tous faire bouger les choses. C\u2019est aussi une merveilleuse occasion de donner l\u2019exemple aux campeurs.<\/span>[\/vc_column_text][vc_empty_space height=\u00a0\u00bb33px\u00a0\u00bb]<a  itemprop=\"url\" href=\"https:\/\/www.tanamakoon.com\/\" target=\"_blank\" data-hover-background-color=\"#313f32\" data-hover-border-color=\"#313f32\" data-hover-color=\"#ffffff\" class=\"qbutton  big_large_full_width default\" style=\"color: #ffffff; border-color: #653335; background-color:#653335;\">VISITEZ LE CAMP TANAMAKOON<\/a>[\/qode_elements_holder_item][\/qode_elements_holder][vc_empty_space height=\u00a0\u00bb30px\u00a0\u00bb][\/vc_column_inner][vc_column_inner offset=\u00a0\u00bbvc_col-md-7&Prime;][vc_empty_space height=\u00a0\u00bb25px\u00a0\u00bb][vc_column_text]<\/p>\n<p class=\"p2\"><em><span style=\"color: #313f32;\">Le Camp Maple Leaf est exploit\u00e9 par la Camp Tanamakoon Charitable Foundation, Inc. \u2013 no 870125150RR0001.<\/span><\/em><\/p>\n<p>[\/vc_column_text][vc_empty_space height=\u00a0\u00bb30px\u00a0\u00bb]<div class=\"qode-advanced-image-gallery  qode-aig-slider-type qode-normal-space qode-has-shadow  \">\n\t<div class=\"qode-aig-slider qode-owl-slider\" data-number-of-items=\"1\" data-enable-loop=\"yes\" data-enable-autoplay=\"yes\" data-slider-speed=\"5000\" data-slider-speed-animation=\"600\" data-slider-padding=\"no\" data-enable-navigation=\"yes\" data-enable-pagination=\"yes\">\n\t\t\t\t\t<div class=\"qode-aig-image\">\n\t\t\t\t\t\t\t\t\t<img loading=\"lazy\" decoding=\"async\" width=\"1035\" height=\"704\" src=\"https:\/\/www.campmapleleaf.ca\/wp-content\/uploads\/2022\/02\/tan_5.jpg\" class=\"attachment-full size-full\" alt=\"\" srcset=\"https:\/\/www.campmapleleaf.ca\/wp-content\/uploads\/2022\/02\/tan_5.jpg 1035w, https:\/\/www.campmapleleaf.ca\/wp-content\/uploads\/2022\/02\/tan_5-300x204.jpg 300w, https:\/\/www.campmapleleaf.ca\/wp-content\/uploads\/2022\/02\/tan_5-1024x697.jpg 1024w, https:\/\/www.campmapleleaf.ca\/wp-content\/uploads\/2022\/02\/tan_5-768x522.jpg 768w, https:\/\/www.campmapleleaf.ca\/wp-content\/uploads\/2022\/02\/tan_5-700x476.jpg 700w\" sizes=\"auto, (max-width: 1035px) 100vw, 1035px\" \/>\t\t\t\t\t<span class=\"aig-gallery-hover\">\n\t\t\t\t\t\t\t\t\t\t\t<\/span>\n\t\t\t\t\t\t\t<\/div>\n\t\t\t\t\t\t\t\t<div class=\"qode-aig-image\">\n\t\t\t\t\t\t\t\t\t<img loading=\"lazy\" decoding=\"async\" width=\"1035\" height=\"704\" src=\"https:\/\/www.campmapleleaf.ca\/wp-content\/uploads\/2022\/02\/tan_4.jpg\" class=\"attachment-full size-full\" alt=\"\" srcset=\"https:\/\/www.campmapleleaf.ca\/wp-content\/uploads\/2022\/02\/tan_4.jpg 1035w, https:\/\/www.campmapleleaf.ca\/wp-content\/uploads\/2022\/02\/tan_4-300x204.jpg 300w, https:\/\/www.campmapleleaf.ca\/wp-content\/uploads\/2022\/02\/tan_4-1024x697.jpg 1024w, https:\/\/www.campmapleleaf.ca\/wp-content\/uploads\/2022\/02\/tan_4-768x522.jpg 768w, https:\/\/www.campmapleleaf.ca\/wp-content\/uploads\/2022\/02\/tan_4-700x476.jpg 700w\" sizes=\"auto, (max-width: 1035px) 100vw, 1035px\" \/>\t\t\t\t\t<span class=\"aig-gallery-hover\">\n\t\t\t\t\t\t\t\t\t\t\t<\/span>\n\t\t\t\t\t\t\t<\/div>\n\t\t\t\t\t\t\t\t<div class=\"qode-aig-image\">\n\t\t\t\t\t\t\t\t\t<img loading=\"lazy\" decoding=\"async\" width=\"1035\" height=\"704\" src=\"https:\/\/www.campmapleleaf.ca\/wp-content\/uploads\/2022\/02\/tan_3.jpg\" class=\"attachment-full size-full\" alt=\"\" srcset=\"https:\/\/www.campmapleleaf.ca\/wp-content\/uploads\/2022\/02\/tan_3.jpg 1035w, https:\/\/www.campmapleleaf.ca\/wp-content\/uploads\/2022\/02\/tan_3-300x204.jpg 300w, https:\/\/www.campmapleleaf.ca\/wp-content\/uploads\/2022\/02\/tan_3-1024x697.jpg 1024w, https:\/\/www.campmapleleaf.ca\/wp-content\/uploads\/2022\/02\/tan_3-768x522.jpg 768w, https:\/\/www.campmapleleaf.ca\/wp-content\/uploads\/2022\/02\/tan_3-700x476.jpg 700w\" sizes=\"auto, (max-width: 1035px) 100vw, 1035px\" \/>\t\t\t\t\t<span class=\"aig-gallery-hover\">\n\t\t\t\t\t\t\t\t\t\t\t<\/span>\n\t\t\t\t\t\t\t<\/div>\n\t\t\t\t\t\t\t\t<div class=\"qode-aig-image\">\n\t\t\t\t\t\t\t\t\t<img loading=\"lazy\" decoding=\"async\" width=\"1035\" height=\"704\" src=\"https:\/\/www.campmapleleaf.ca\/wp-content\/uploads\/2022\/02\/tan_2.jpg\" class=\"attachment-full size-full\" alt=\"\" srcset=\"https:\/\/www.campmapleleaf.ca\/wp-content\/uploads\/2022\/02\/tan_2.jpg 1035w, https:\/\/www.campmapleleaf.ca\/wp-content\/uploads\/2022\/02\/tan_2-300x204.jpg 300w, https:\/\/www.campmapleleaf.ca\/wp-content\/uploads\/2022\/02\/tan_2-1024x697.jpg 1024w, https:\/\/www.campmapleleaf.ca\/wp-content\/uploads\/2022\/02\/tan_2-768x522.jpg 768w, https:\/\/www.campmapleleaf.ca\/wp-content\/uploads\/2022\/02\/tan_2-700x476.jpg 700w\" sizes=\"auto, (max-width: 1035px) 100vw, 1035px\" \/>\t\t\t\t\t<span class=\"aig-gallery-hover\">\n\t\t\t\t\t\t\t\t\t\t\t<\/span>\n\t\t\t\t\t\t\t<\/div>\n\t\t\t\t\t\t\t\t<div class=\"qode-aig-image\">\n\t\t\t\t\t\t\t\t\t<img loading=\"lazy\" decoding=\"async\" width=\"1035\" height=\"704\" src=\"https:\/\/www.campmapleleaf.ca\/wp-content\/uploads\/2022\/02\/tan_1.jpg\" class=\"attachment-full size-full\" alt=\"\" srcset=\"https:\/\/www.campmapleleaf.ca\/wp-content\/uploads\/2022\/02\/tan_1.jpg 1035w, https:\/\/www.campmapleleaf.ca\/wp-content\/uploads\/2022\/02\/tan_1-300x204.jpg 300w, https:\/\/www.campmapleleaf.ca\/wp-content\/uploads\/2022\/02\/tan_1-1024x697.jpg 1024w, https:\/\/www.campmapleleaf.ca\/wp-content\/uploads\/2022\/02\/tan_1-768x522.jpg 768w, https:\/\/www.campmapleleaf.ca\/wp-content\/uploads\/2022\/02\/tan_1-700x476.jpg 700w\" sizes=\"auto, (max-width: 1035px) 100vw, 1035px\" \/>\t\t\t\t\t<span class=\"aig-gallery-hover\">\n\t\t\t\t\t\t\t\t\t\t\t<\/span>\n\t\t\t\t\t\t\t<\/div>\n\t\t\t\t\t\t\t\t<div class=\"qode-aig-image\">\n\t\t\t\t\t\t\t\t\t<img loading=\"lazy\" decoding=\"async\" width=\"1024\" height=\"683\" src=\"https:\/\/www.campmapleleaf.ca\/wp-content\/uploads\/2021\/12\/32750598_10156280796642768_8992502963280805888_n.jpg\" class=\"attachment-full size-full\" alt=\"\" srcset=\"https:\/\/www.campmapleleaf.ca\/wp-content\/uploads\/2021\/12\/32750598_10156280796642768_8992502963280805888_n.jpg 1024w, https:\/\/www.campmapleleaf.ca\/wp-content\/uploads\/2021\/12\/32750598_10156280796642768_8992502963280805888_n-300x200.jpg 300w, https:\/\/www.campmapleleaf.ca\/wp-content\/uploads\/2021\/12\/32750598_10156280796642768_8992502963280805888_n-768x512.jpg 768w, https:\/\/www.campmapleleaf.ca\/wp-content\/uploads\/2021\/12\/32750598_10156280796642768_8992502963280805888_n-700x467.jpg 700w\" sizes=\"auto, (max-width: 1024px) 100vw, 1024px\" \/>\t\t\t\t\t<span class=\"aig-gallery-hover\">\n\t\t\t\t\t\t\t\t\t\t\t<\/span>\n\t\t\t\t\t\t\t<\/div>\n\t\t\t\t\t\t<\/div>\n<\/div>[vc_column_text]<\/p>\n<p style=\"text-align: left;\"><span style=\"color: #313f32;\">La Camp Tanamakoon Charitable Foundation Inc (faisant affaire sous le nom de \u00ab Camp Maple Leaf \u00bb) est honor\u00e9e de perp\u00e9tuer et d\u2019enrichir cet h\u00e9ritage en offrant des exp\u00e9riences inoubliables aux enfants de militaires canadiens et aux enfants qui rencontrent des difficult\u00e9s uniques.<\/span><\/p>\n<p>[\/vc_column_text][\/vc_column_inner][\/vc_row_inner][vc_row_inner row_type=\u00a0\u00bbrow\u00a0\u00bb type=\u00a0\u00bbfull_width\u00a0\u00bb text_align=\u00a0\u00bbleft\u00a0\u00bb css_animation=\u00a0\u00bb\u00a0\u00bb el_class=\u00a0\u00bb.disableRow\u00a0\u00bb][vc_column_inner offset=\u00a0\u00bbvc_col-md-4&Prime;]<div class=\"q_counter_holder  center\" style=\"\" data-digit=\"1982\"><span class=\"counter  zero\" style=\"color: #c89454;font-size: 60px;font-weight: 400;\">1982<\/span><p class=\"counter_text\" style=\"font-size: 27px;font-weight: 400;text-transform: none;color: #3e3a3b;\">Nullam neque<\/p><\/div>[vc_empty_space height=\u00a0\u00bb30px\u00a0\u00bb][\/vc_column_inner][vc_column_inner offset=\u00a0\u00bbvc_col-md-4&Prime;]<div class=\"q_counter_holder  center\" style=\"\" data-digit=\"284\"><span class=\"counter  zero\" style=\"color: #c89454;font-size: 60px;font-weight: 400;\">284<\/span><p class=\"counter_text\" style=\"font-size: 27px;font-weight: 400;text-transform: none;color: #3e3a3b;\">Sed gravida<\/p><\/div>[vc_empty_space height=\u00a0\u00bb30px\u00a0\u00bb][\/vc_column_inner][vc_column_inner offset=\u00a0\u00bbvc_col-md-4&Prime;]<div class=\"q_counter_holder  center\" style=\"\" data-digit=\"2190\"><span class=\"counter  zero\" style=\"color: #c89454;font-size: 60px;font-weight: 400;\">2190<\/span><p class=\"counter_text\" style=\"font-size: 27px;font-weight: 400;text-transform: none;color: #3e3a3b;\">Quisque muis<\/p><\/div>[vc_empty_space height=\u00a0\u00bb30px\u00a0\u00bb][\/vc_column_inner][\/vc_row_inner][\/vc_column][\/vc_row][vc_row css_animation=\u00a0\u00bb\u00a0\u00bb row_type=\u00a0\u00bbrow\u00a0\u00bb use_row_as_full_screen_section=\u00a0\u00bbno\u00a0\u00bb type=\u00a0\u00bbfull_width\u00a0\u00bb angled_section=\u00a0\u00bbno\u00a0\u00bb text_align=\u00a0\u00bbcenter\u00a0\u00bb background_image_as_pattern=\u00a0\u00bbwithout_pattern\u00a0\u00bb padding_top=\u00a0\u00bb155&Prime; css=\u00a0\u00bb.vc_custom_1640209190313{padding-bottom: 11% !important;background-image: url(http:\/\/bridge162.qodeinteractive.com\/wp-content\/uploads\/2018\/02\/home-background-3-1.jpg?id=104) !important;background-position: center !important;background-repeat: no-repeat !important;background-size: cover !important;}\u00a0\u00bb z_index=\u00a0\u00bb\u00a0\u00bb el_class=\u00a0\u00bb.disableRow\u00a0\u00bb][vc_column][vc_column_text]<\/p>\n<h4><span style=\"color: #653335;\">The Camp Tanamakoon<\/span><\/h4>\n<p>[\/vc_column_text][vc_column_text]<\/p>\n<h2><span style=\"color: #313f32;\">Charitable Foundation, Inc<\/span><\/h2>\n<p>[\/vc_column_text][qode_elements_holder number_of_columns=\u00a0\u00bbone_column\u00a0\u00bb][qode_elements_holder_item advanced_animations=\u00a0\u00bbno\u00a0\u00bb item_padding=\u00a0\u00bb0px 29% 0 29%\u00a0\u00bb item_padding_1024_1280=\u00a0\u00bb0px 22% 0 22%\u00a0\u00bb item_padding_768_1024=\u00a0\u00bb0px 18% 0 18%\u00a0\u00bb item_padding_480_600=\u00a0\u00bb0px 3% 0 3%\u00a0\u00bb item_padding_480=\u00a0\u00bb0px 3% 0 3%\u00a0\u00bb]<div class='testimonials_holder clearfix '><div class=\"testimonials testimonials_carousel\" data-show-navigation=\"no\" data-animation-type=\"fade\" data-animation-speed=\"\" data-auto-rotate-slides=\"3\" data-number-per-slide=\"1\"><ul class=\"slides\">Sorry, no posts matched your criteria.<\/ul><\/div><\/div>[\/qode_elements_holder_item][\/qode_elements_holder][\/vc_column][\/vc_row]<\/p>\n<\/div>","protected":false},"excerpt":{"rendered":"<p>[vc_row css_animation=\u00a0\u00bb\u00a0\u00bb row_type=\u00a0\u00bbrow\u00a0\u00bb use_row_as_full_screen_section=\u00a0\u00bbno\u00a0\u00bb type=\u00a0\u00bbgrid\u00a0\u00bb angled_section=\u00a0\u00bbno\u00a0\u00bb text_align=\u00a0\u00bbleft\u00a0\u00bb background_image_as_pattern=\u00a0\u00bbwithout_pattern\u00a0\u00bb padding_top=\u00a0\u00bb60&Prime; padding_bottom=\u00a0\u00bb40&Prime; z_index=\u00a0\u00bb\u00a0\u00bb][vc_column offset=\u00a0\u00bbvc_col-md-5&Prime;][vc_single_image image=\u00a0\u00bb423&Prime; img_size=\u00a0\u00bbfull\u00a0\u00bb qode_css_animation=\u00a0\u00bb\u00a0\u00bb][vc_empty_space height=\u00a0\u00bb12px\u00a0\u00bb][vc_empty_space height=\u00a0\u00bb30px\u00a0\u00bb][\/vc_column][vc_column offset=\u00a0\u00bbvc_col-md-7&Prime;][vc_empty_space height=\u00a0\u00bb20px\u00a0\u00bb][vc_empty_space height=\u00a0\u00bb12px\u00a0\u00bb][vc_column_text] Le Camp Maple Leaf est exploit\u00e9 par la Camp Tanamakoon Charitable Foundation, Inc., organisme de bienfaisance enregistr\u00e9 et camp de vacances pour filles cr\u00e9\u00e9 au&#8230;<\/p>\n","protected":false},"author":1,"featured_media":0,"parent":0,"menu_order":0,"comment_status":"closed","ping_status":"closed","template":"full_width.php","meta":{"_monsterinsights_skip_tracking":false,"_monsterinsights_sitenote_active":false,"_monsterinsights_sitenote_note":"","_monsterinsights_sitenote_category":0,"footnotes":""},"class_list":["post-1420","page","type-page","status-publish","hentry"],"_links":{"self":[{"href":"https:\/\/www.campmapleleaf.ca\/fr\/wp-json\/wp\/v2\/pages\/1420","targetHints":{"allow":["GET"]}}],"collection":[{"href":"https:\/\/www.campmapleleaf.ca\/fr\/wp-json\/wp\/v2\/pages"}],"about":[{"href":"https:\/\/www.campmapleleaf.ca\/fr\/wp-json\/wp\/v2\/types\/page"}],"author":[{"embeddable":true,"href":"https:\/\/www.campmapleleaf.ca\/fr\/wp-json\/wp\/v2\/users\/1"}],"replies":[{"embeddable":true,"href":"https:\/\/www.campmapleleaf.ca\/fr\/wp-json\/wp\/v2\/comments?post=1420"}],"version-history":[{"count":7,"href":"https:\/\/www.campmapleleaf.ca\/fr\/wp-json\/wp\/v2\/pages\/1420\/revisions"}],"predecessor-version":[{"id":1667,"href":"https:\/\/www.campmapleleaf.ca\/fr\/wp-json\/wp\/v2\/pages\/1420\/revisions\/1667"}],"wp:attachment":[{"href":"https:\/\/www.campmapleleaf.ca\/fr\/wp-json\/wp\/v2\/media?parent=1420"}],"curies":[{"name":"wp","href":"https:\/\/api.w.org\/{rel}","templated":true}]}}