{"id":1409,"date":"2018-02-19T15:14:18","date_gmt":"2018-02-19T20:14:18","guid":{"rendered":"https:\/\/www.campmapleleaf.ca\/?page_id=1409"},"modified":"2022-04-20T15:04:58","modified_gmt":"2022-04-20T19:04:58","slug":"mission-vision-valeurs","status":"publish","type":"page","link":"https:\/\/www.campmapleleaf.ca\/fr\/mission-vision-valeurs\/","title":{"rendered":"Mission, Vision, Valeurs"},"content":{"rendered":"<div class=\"wpb-content-wrapper\"><p>[vc_row css_animation=\u00a0\u00bb\u00a0\u00bb row_type=\u00a0\u00bbrow\u00a0\u00bb use_row_as_full_screen_section=\u00a0\u00bbno\u00a0\u00bb type=\u00a0\u00bbgrid\u00a0\u00bb angled_section=\u00a0\u00bbno\u00a0\u00bb text_align=\u00a0\u00bbleft\u00a0\u00bb background_image_as_pattern=\u00a0\u00bbwithout_pattern\u00a0\u00bb padding_top=\u00a0\u00bb80&Prime; padding_bottom=\u00a0\u00bb63&Prime; z_index=\u00a0\u00bb\u00a0\u00bb][vc_column offset=\u00a0\u00bbvc_col-md-7&Prime;][vc_empty_space height=\u00a0\u00bb20px\u00a0\u00bb][vc_row_inner row_type=\u00a0\u00bbrow\u00a0\u00bb type=\u00a0\u00bbfull_width\u00a0\u00bb text_align=\u00a0\u00bbleft\u00a0\u00bb css_animation=\u00a0\u00bb\u00a0\u00bb][vc_column_inner width=\u00a0\u00bb1\/6&Prime;][vc_single_image image=\u00a0\u00bb311&Prime; img_size=\u00a0\u00bbfull\u00a0\u00bb alignment=\u00a0\u00bbcenter\u00a0\u00bb qode_css_animation=\u00a0\u00bb\u00a0\u00bb][\/vc_column_inner][vc_column_inner width=\u00a0\u00bb5\/6&Prime;][vc_column_text]<\/p>\n<h4>Notre mission:<\/h4>\n<p>[\/vc_column_text][vc_column_text]Nous offrons aux enfants des familles de militaires canadiens et aux enfants qui partagent des d\u00e9fis similaires acc\u00e8s \u00e0 un camp o\u00f9 ils se sentent comme chez eux. Le Camp Maple Leaf les soutient et les c\u00e9l\u00e8bre pour ce qu\u2019ils sont, et favorise les amiti\u00e9s qui durent.[\/vc_column_text][\/vc_column_inner][\/vc_row_inner][vc_empty_space height=\u00a0\u00bb50px\u00a0\u00bb][vc_separator type=\u00a0\u00bbnormal\u00a0\u00bb color=\u00a0\u00bb#031959&Prime;][vc_empty_space height=\u00a0\u00bb50px\u00a0\u00bb][vc_row_inner row_type=\u00a0\u00bbrow\u00a0\u00bb type=\u00a0\u00bbfull_width\u00a0\u00bb text_align=\u00a0\u00bbleft\u00a0\u00bb css_animation=\u00a0\u00bb\u00a0\u00bb][vc_column_inner width=\u00a0\u00bb1\/6&Prime;][vc_single_image image=\u00a0\u00bb310&Prime; img_size=\u00a0\u00bbfull\u00a0\u00bb alignment=\u00a0\u00bbcenter\u00a0\u00bb qode_css_animation=\u00a0\u00bb\u00a0\u00bb][\/vc_column_inner][vc_column_inner width=\u00a0\u00bb5\/6&Prime;][vc_column_text]<\/p>\n<h4>Notre vision:<\/h4>\n<p>[\/vc_column_text][vc_column_text]Les enfants relevant des d\u00e9fis de vie uniques ont des amis de camp qui partagent leurs exp\u00e9riences et les aident \u00e0 s\u2019\u00e9panouir.<\/p>\n<p>Nos valeurs<br \/>\nBienveillance<br \/>\nRespect<br \/>\nAppr\u00e9ciation<br \/>\nR\u00e9sultats<br \/>\nResponsabilit\u00e9[\/vc_column_text][\/vc_column_inner][\/vc_row_inner][vc_empty_space height=\u00a0\u00bb50px\u00a0\u00bb][vc_separator type=\u00a0\u00bbnormal\u00a0\u00bb color=\u00a0\u00bb#031959&Prime;][vc_empty_space height=\u00a0\u00bb50px\u00a0\u00bb][vc_row_inner row_type=\u00a0\u00bbrow\u00a0\u00bb type=\u00a0\u00bbfull_width\u00a0\u00bb text_align=\u00a0\u00bbleft\u00a0\u00bb css_animation=\u00a0\u00bb\u00a0\u00bb][vc_column_inner width=\u00a0\u00bb1\/6&Prime;][vc_single_image image=\u00a0\u00bb309&Prime; img_size=\u00a0\u00bbfull\u00a0\u00bb alignment=\u00a0\u00bbcenter\u00a0\u00bb qode_css_animation=\u00a0\u00bb\u00a0\u00bb][\/vc_column_inner][vc_column_inner width=\u00a0\u00bb5\/6&Prime;][vc_column_text]<\/p>\n<h4>Nos valeurs<\/h4>\n<p>[\/vc_column_text][vc_column_text]<strong>Bienveillance<br \/>\n<\/strong>Nous sommes bienveillants et inclusifs, et nous cr\u00e9ons une culture o\u00f9 chacun a sa place<\/p>\n<p><strong>Respect<br \/>\n<\/strong>Nous encourageons le respect pour tous ceux qui ont servi leur pays et leurs communaut\u00e9s, dans le pass\u00e9 comme aujourd\u2019hui<\/p>\n<p><strong>Appr\u00e9ciation<br \/>\n<\/strong>Nous honorons nos donateurs et nos partenaires et nous leur sommes reconnaissants<\/p>\n<p><strong>R\u00e9sultats<br \/>\n<\/strong>Nous prenons le plaisir au s\u00e9rieux et nous aurons une incidence dans la vie de chacun des campeurs<\/p>\n<p><strong>Responsabilit\u00e9<br \/>\n<\/strong>Nous g\u00e9rons de mani\u00e8re responsable les ressources qui nous sont donn\u00e9es et l\u2019environnement Nous sommes une colonie de vacances \u00e0 but non lucratif pour les enfants de militaires canadiens et les enfants qui rencontrent des difficult\u00e9s particuli\u00e8res.[\/vc_column_text][\/vc_column_inner][\/vc_row_inner][\/vc_column][vc_column offset=\u00a0\u00bbvc_col-md-5&Prime;][vc_single_image image=\u00a0\u00bb677&Prime; img_size=\u00a0\u00bblarge\u00a0\u00bb alignment=\u00a0\u00bbcenter\u00a0\u00bb qode_css_animation=\u00a0\u00bb\u00a0\u00bb][vc_empty_space height=\u00a0\u00bb12px\u00a0\u00bb][vc_empty_space height=\u00a0\u00bb30px\u00a0\u00bb][\/vc_column][\/vc_row][vc_row css_animation=\u00a0\u00bb\u00a0\u00bb row_type=\u00a0\u00bbrow\u00a0\u00bb use_row_as_full_screen_section=\u00a0\u00bbno\u00a0\u00bb type=\u00a0\u00bbgrid\u00a0\u00bb angled_section=\u00a0\u00bbno\u00a0\u00bb text_align=\u00a0\u00bbleft\u00a0\u00bb background_image_as_pattern=\u00a0\u00bbwithout_pattern\u00a0\u00bb padding_top=\u00a0\u00bb80&Prime; padding_bottom=\u00a0\u00bb63&Prime; z_index=\u00a0\u00bb\u00a0\u00bb el_class=\u00a0\u00bb.disableRow\u00a0\u00bb][vc_column offset=\u00a0\u00bbvc_col-md-5&Prime;][vc_single_image image=\u00a0\u00bb467&Prime; img_size=\u00a0\u00bbfull\u00a0\u00bb qode_css_animation=\u00a0\u00bb\u00a0\u00bb][vc_empty_space height=\u00a0\u00bb12px\u00a0\u00bb][vc_empty_space height=\u00a0\u00bb30px\u00a0\u00bb][\/vc_column][vc_column offset=\u00a0\u00bbvc_col-md-7&Prime;][vc_empty_space height=\u00a0\u00bb20px\u00a0\u00bb][vc_row_inner row_type=\u00a0\u00bbrow\u00a0\u00bb type=\u00a0\u00bbfull_width\u00a0\u00bb text_align=\u00a0\u00bbcenter\u00a0\u00bb css_animation=\u00a0\u00bb\u00a0\u00bb][vc_column_inner offset=\u00a0\u00bbvc_col-md-4&Prime;][vc_single_image image=\u00a0\u00bb311&Prime; img_size=\u00a0\u00bbfull\u00a0\u00bb alignment=\u00a0\u00bbcenter\u00a0\u00bb qode_css_animation=\u00a0\u00bb\u00a0\u00bb][vc_column_text]<\/p>\n<h4>Mission<\/h4>\n<p>[\/vc_column_text][vc_empty_space height=\u00a0\u00bb19px\u00a0\u00bb][vc_column_text]We give children of Canadian Military Families and children who share similar unique life challenges a camp to call their own.[\/vc_column_text][vc_empty_space height=\u00a0\u00bb30px\u00a0\u00bb][\/vc_column_inner][vc_column_inner offset=\u00a0\u00bbvc_col-md-4&Prime;][vc_single_image image=\u00a0\u00bb310&Prime; img_size=\u00a0\u00bbfull\u00a0\u00bb alignment=\u00a0\u00bbcenter\u00a0\u00bb qode_css_animation=\u00a0\u00bb\u00a0\u00bb][vc_empty_space height=\u00a0\u00bb47px\u00a0\u00bb][vc_column_text]<\/p>\n<h4>Vision<\/h4>\n<p>[\/vc_column_text][vc_empty_space height=\u00a0\u00bb19px\u00a0\u00bb][vc_column_text]Children with unique life challenges have camp friend who share their experiences and help them thrive.[\/vc_column_text][vc_empty_space height=\u00a0\u00bb30px\u00a0\u00bb][\/vc_column_inner][vc_column_inner offset=\u00a0\u00bbvc_col-md-4&Prime;][vc_single_image image=\u00a0\u00bb309&Prime; img_size=\u00a0\u00bbfull\u00a0\u00bb alignment=\u00a0\u00bbcenter\u00a0\u00bb qode_css_animation=\u00a0\u00bb\u00a0\u00bb][vc_empty_space height=\u00a0\u00bb47px\u00a0\u00bb][vc_column_text]<\/p>\n<h4>Values<\/h4>\n<p>[\/vc_column_text][vc_empty_space height=\u00a0\u00bb19px\u00a0\u00bb][vc_column_text]Kindness<br \/>\nRespect<br \/>\nAppreciation<br \/>\nResults<br \/>\nResponsibility[\/vc_column_text][vc_empty_space height=\u00a0\u00bb30px\u00a0\u00bb][\/vc_column_inner][\/vc_row_inner][\/vc_column][\/vc_row][vc_row css_animation=\u00a0\u00bb\u00a0\u00bb row_type=\u00a0\u00bbrow\u00a0\u00bb use_row_as_full_screen_section=\u00a0\u00bbno\u00a0\u00bb type=\u00a0\u00bbgrid\u00a0\u00bb angled_section=\u00a0\u00bbno\u00a0\u00bb text_align=\u00a0\u00bbleft\u00a0\u00bb background_image_as_pattern=\u00a0\u00bbwithout_pattern\u00a0\u00bb padding_top=\u00a0\u00bb151&Prime; padding_bottom=\u00a0\u00bb81&Prime; z_index=\u00a0\u00bb\u00a0\u00bb css=\u00a0\u00bb.vc_custom_1641937408242{background-image: url(https:\/\/devtesting.campmapleleaf.ca\/wp-content\/uploads\/2021\/12\/tama_about-background.jpg?id=429) !important;background-position: center !important;background-repeat: no-repeat !important;background-size: cover !important;}\u00a0\u00bb el_class=\u00a0\u00bb.disableRow\u00a0\u00bb][vc_column][vc_row_inner row_type=\u00a0\u00bbrow\u00a0\u00bb type=\u00a0\u00bbfull_width\u00a0\u00bb text_align=\u00a0\u00bbleft\u00a0\u00bb css_animation=\u00a0\u00bb\u00a0\u00bb padding_bottom=\u00a0\u00bb107&Prime;][vc_column_inner offset=\u00a0\u00bbvc_col-md-5&Prime;][qode_elements_holder number_of_columns=\u00a0\u00bbone_column\u00a0\u00bb][qode_elements_holder_item advanced_animations=\u00a0\u00bbno\u00a0\u00bb item_padding=\u00a0\u00bb0px 0px 0 52px\u00a0\u00bb item_padding_1280_1440=\u00a0\u00bb48px 0px 0 52px\u00a0\u00bb item_padding_768_1024=\u00a0\u00bb16px 0px 0 28px\u00a0\u00bb item_padding_600_768=\u00a0\u00bb40px 0px 0 0px\u00a0\u00bb item_padding_480_600=\u00a0\u00bb40px 0px 0 0px\u00a0\u00bb item_padding_480=\u00a0\u00bb40px 0px 0 0px\u00a0\u00bb][vc_column_text]<\/p>\n<h4>The Tanamakoon<\/h4>\n<p>[\/vc_column_text][vc_empty_space height=\u00a0\u00bb12px\u00a0\u00bb][vc_column_text]<\/p>\n<h2>Charitable Foundation<\/h2>\n<p>[\/vc_column_text][vc_empty_space height=\u00a0\u00bb26px\u00a0\u00bb][vc_column_text]Founded by Kim and Marilyn Smith, It was incorporated and received its charitable status in 1999. Collectively, the Smiths have been involved in camping and education for over 80 years, most notably as the owners and directors of Camp Tanamakoon, a traditional summer camp for girls. From its beginning the Foundation has been donating to small women\u2019s and children\u2019s charities. The Tanamakoon Charitable Foundation now carries out its mission by directly supporting Camp Maple Leaf.<\/p>\n<p>Camp Maple Leaf is operated by the Tanamakoon Charitable Foundation &#8211; Registration #870125150RR0001.[\/vc_column_text][vc_empty_space height=\u00a0\u00bb33px\u00a0\u00bb]<a  itemprop=\"url\" href=\"https:\/\/www.tanamakoon.com\/\" target=\"_blank\" data-hover-background-color=\"#3e3a3b\" data-hover-border-color=\"#3e3a3b\" data-hover-color=\"#ffffff\" class=\"qbutton  default\" style=\"color: #ffffff; border-color: #031959; background-color:#031959;\">Visit Tanamakoon<\/a>[\/qode_elements_holder_item][\/qode_elements_holder][vc_empty_space height=\u00a0\u00bb30px\u00a0\u00bb][\/vc_column_inner][vc_column_inner offset=\u00a0\u00bbvc_col-md-7&Prime;][vc_single_image image=\u00a0\u00bb422&Prime; img_size=\u00a0\u00bbfull\u00a0\u00bb qode_css_animation=\u00a0\u00bb\u00a0\u00bb][vc_empty_space height=\u00a0\u00bb30px\u00a0\u00bb][\/vc_column_inner][\/vc_row_inner][vc_row_inner row_type=\u00a0\u00bbrow\u00a0\u00bb type=\u00a0\u00bbfull_width\u00a0\u00bb text_align=\u00a0\u00bbleft\u00a0\u00bb css_animation=\u00a0\u00bb\u00a0\u00bb el_class=\u00a0\u00bb.disableRow\u00a0\u00bb][vc_column_inner offset=\u00a0\u00bbvc_col-md-4&Prime;]<div class=\"q_counter_holder  center\" style=\"\" data-digit=\"1982\"><span class=\"counter  zero\" style=\"color: #c89454;font-size: 60px;font-weight: 400;\">1982<\/span><p class=\"counter_text\" style=\"font-size: 27px;font-weight: 400;text-transform: none;color: #3e3a3b;\">Nullam neque<\/p><\/div>[vc_empty_space height=\u00a0\u00bb30px\u00a0\u00bb][\/vc_column_inner][vc_column_inner offset=\u00a0\u00bbvc_col-md-4&Prime;]<div class=\"q_counter_holder  center\" style=\"\" data-digit=\"284\"><span class=\"counter  zero\" style=\"color: #c89454;font-size: 60px;font-weight: 400;\">284<\/span><p class=\"counter_text\" style=\"font-size: 27px;font-weight: 400;text-transform: none;color: #3e3a3b;\">Sed gravida<\/p><\/div>[vc_empty_space height=\u00a0\u00bb30px\u00a0\u00bb][\/vc_column_inner][vc_column_inner offset=\u00a0\u00bbvc_col-md-4&Prime;]<div class=\"q_counter_holder  center\" style=\"\" data-digit=\"2190\"><span class=\"counter  zero\" style=\"color: #c89454;font-size: 60px;font-weight: 400;\">2190<\/span><p class=\"counter_text\" style=\"font-size: 27px;font-weight: 400;text-transform: none;color: #3e3a3b;\">Quisque muis<\/p><\/div>[vc_empty_space height=\u00a0\u00bb30px\u00a0\u00bb][\/vc_column_inner][\/vc_row_inner][\/vc_column][\/vc_row][vc_row css_animation=\u00a0\u00bb\u00a0\u00bb row_type=\u00a0\u00bbrow\u00a0\u00bb use_row_as_full_screen_section=\u00a0\u00bbno\u00a0\u00bb type=\u00a0\u00bbfull_width\u00a0\u00bb angled_section=\u00a0\u00bbno\u00a0\u00bb text_align=\u00a0\u00bbcenter\u00a0\u00bb background_image_as_pattern=\u00a0\u00bbwithout_pattern\u00a0\u00bb padding_top=\u00a0\u00bb155&Prime; css=\u00a0\u00bb.vc_custom_1640209190313{padding-bottom: 11% !important;background-image: url(http:\/\/bridge162.qodeinteractive.com\/wp-content\/uploads\/2018\/02\/home-background-3-1.jpg?id=104) !important;background-position: center !important;background-repeat: no-repeat !important;background-size: cover !important;}\u00a0\u00bb z_index=\u00a0\u00bb\u00a0\u00bb el_class=\u00a0\u00bb.disableRow\u00a0\u00bb][vc_column][qode_elements_holder number_of_columns=\u00a0\u00bbone_column\u00a0\u00bb][qode_elements_holder_item advanced_animations=\u00a0\u00bbno\u00a0\u00bb item_padding=\u00a0\u00bb0px 29% 0 29%\u00a0\u00bb item_padding_1024_1280=\u00a0\u00bb0px 22% 0 22%\u00a0\u00bb item_padding_768_1024=\u00a0\u00bb0px 18% 0 18%\u00a0\u00bb item_padding_480_600=\u00a0\u00bb0px 3% 0 3%\u00a0\u00bb item_padding_480=\u00a0\u00bb0px 3% 0 3%\u00a0\u00bb]<div class='testimonials_holder clearfix '><div class=\"testimonials testimonials_carousel\" data-show-navigation=\"no\" data-animation-type=\"fade\" data-animation-speed=\"\" data-auto-rotate-slides=\"3\" data-number-per-slide=\"1\"><ul class=\"slides\">Sorry, no posts matched your criteria.<\/ul><\/div><\/div>[\/qode_elements_holder_item][\/qode_elements_holder][\/vc_column][\/vc_row]<\/p>\n<\/div>","protected":false},"excerpt":{"rendered":"<p>[vc_row css_animation=\u00a0\u00bb\u00a0\u00bb row_type=\u00a0\u00bbrow\u00a0\u00bb use_row_as_full_screen_section=\u00a0\u00bbno\u00a0\u00bb type=\u00a0\u00bbgrid\u00a0\u00bb angled_section=\u00a0\u00bbno\u00a0\u00bb text_align=\u00a0\u00bbleft\u00a0\u00bb background_image_as_pattern=\u00a0\u00bbwithout_pattern\u00a0\u00bb padding_top=\u00a0\u00bb80&Prime; padding_bottom=\u00a0\u00bb63&Prime; z_index=\u00a0\u00bb\u00a0\u00bb][vc_column offset=\u00a0\u00bbvc_col-md-7&Prime;][vc_empty_space height=\u00a0\u00bb20px\u00a0\u00bb][vc_row_inner row_type=\u00a0\u00bbrow\u00a0\u00bb type=\u00a0\u00bbfull_width\u00a0\u00bb text_align=\u00a0\u00bbleft\u00a0\u00bb css_animation=\u00a0\u00bb\u00a0\u00bb][vc_column_inner width=\u00a0\u00bb1\/6&Prime;][vc_single_image image=\u00a0\u00bb311&Prime; img_size=\u00a0\u00bbfull\u00a0\u00bb alignment=\u00a0\u00bbcenter\u00a0\u00bb qode_css_animation=\u00a0\u00bb\u00a0\u00bb][\/vc_column_inner][vc_column_inner width=\u00a0\u00bb5\/6&Prime;][vc_column_text] Notre mission: [\/vc_column_text][vc_column_text]Nous offrons aux enfants des familles de militaires canadiens et aux enfants qui partagent des d\u00e9fis similaires acc\u00e8s \u00e0 un&#8230;<\/p>\n","protected":false},"author":1,"featured_media":0,"parent":0,"menu_order":0,"comment_status":"closed","ping_status":"closed","template":"full_width.php","meta":{"_monsterinsights_skip_tracking":false,"_monsterinsights_sitenote_active":false,"_monsterinsights_sitenote_note":"","_monsterinsights_sitenote_category":0,"footnotes":""},"class_list":["post-1409","page","type-page","status-publish","hentry"],"_links":{"self":[{"href":"https:\/\/www.campmapleleaf.ca\/fr\/wp-json\/wp\/v2\/pages\/1409","targetHints":{"allow":["GET"]}}],"collection":[{"href":"https:\/\/www.campmapleleaf.ca\/fr\/wp-json\/wp\/v2\/pages"}],"about":[{"href":"https:\/\/www.campmapleleaf.ca\/fr\/wp-json\/wp\/v2\/types\/page"}],"author":[{"embeddable":true,"href":"https:\/\/www.campmapleleaf.ca\/fr\/wp-json\/wp\/v2\/users\/1"}],"replies":[{"embeddable":true,"href":"https:\/\/www.campmapleleaf.ca\/fr\/wp-json\/wp\/v2\/comments?post=1409"}],"version-history":[{"count":2,"href":"https:\/\/www.campmapleleaf.ca\/fr\/wp-json\/wp\/v2\/pages\/1409\/revisions"}],"predecessor-version":[{"id":1412,"href":"https:\/\/www.campmapleleaf.ca\/fr\/wp-json\/wp\/v2\/pages\/1409\/revisions\/1412"}],"wp:attachment":[{"href":"https:\/\/www.campmapleleaf.ca\/fr\/wp-json\/wp\/v2\/media?parent=1409"}],"curies":[{"name":"wp","href":"https:\/\/api.w.org\/{rel}","templated":true}]}}